{"id":1933,"date":"2021-04-25T23:16:00","date_gmt":"2021-04-25T22:16:00","guid":{"rendered":"https:\/\/dreamy-jennings.185-66-109-103.plesk.page.185-117-169-222.srv54.webpreview.ch\/tribuna-v4\/"},"modified":"2024-08-27T16:38:15","modified_gmt":"2024-08-27T15:38:15","slug":"tribuna-v4","status":"publish","type":"page","link":"https:\/\/deltalogic.ch\/fr\/tribuna-v4\/","title":{"rendered":"Tribuna V4"},"content":{"rendered":"\t\t<div data-elementor-type=\"wp-page\" data-elementor-id=\"1933\" class=\"elementor elementor-1933 elementor-901\" data-elementor-post-type=\"page\">\n\t\t\t\t\t\t<section class=\"elementor-section elementor-top-section elementor-element elementor-element-2cef5a2e elementor-section-boxed elementor-section-height-default elementor-section-height-default elementor-invisible\" data-id=\"2cef5a2e\" data-element_type=\"section\" data-e-type=\"section\" data-settings=\"{&quot;background_background&quot;:&quot;classic&quot;,&quot;animation&quot;:&quot;fadeIn&quot;}\">\n\t\t\t\t\t\t<div class=\"elementor-container elementor-column-gap-default\">\n\t\t\t\t\t<div class=\"elementor-column elementor-col-100 elementor-top-column elementor-element elementor-element-2f85ea0f\" data-id=\"2f85ea0f\" data-element_type=\"column\" data-e-type=\"column\">\n\t\t\t<div class=\"elementor-widget-wrap elementor-element-populated\">\n\t\t\t\t\t\t<section class=\"elementor-section elementor-inner-section elementor-element elementor-element-1cfc6cc2 elementor-section-boxed elementor-section-height-default elementor-section-height-default\" data-id=\"1cfc6cc2\" data-element_type=\"section\" data-e-type=\"section\">\n\t\t\t\t\t\t<div class=\"elementor-container elementor-column-gap-default\">\n\t\t\t\t\t<div class=\"elementor-column elementor-col-100 elementor-inner-column elementor-element elementor-element-5ba2955d\" data-id=\"5ba2955d\" data-element_type=\"column\" data-e-type=\"column\">\n\t\t\t<div class=\"elementor-widget-wrap elementor-element-populated\">\n\t\t\t\t\t\t<div class=\"elementor-element elementor-element-310536d6 elementor-widget elementor-widget-heading\" data-id=\"310536d6\" data-element_type=\"widget\" data-e-type=\"widget\" data-widget_type=\"heading.default\">\n\t\t\t\t<div class=\"elementor-widget-container\">\n\t\t\t\t\t<h1 class=\"elementor-heading-title elementor-size-default\">Tribuna V4<\/h1>\t\t\t\t<\/div>\n\t\t\t\t<\/div>\n\t\t\t\t\t<\/div>\n\t\t<\/div>\n\t\t\t\t\t<\/div>\n\t\t<\/section>\n\t\t\t\t<section class=\"elementor-section elementor-inner-section elementor-element elementor-element-8000be7 elementor-section-boxed elementor-section-height-default elementor-section-height-default\" data-id=\"8000be7\" data-element_type=\"section\" data-e-type=\"section\">\n\t\t\t\t\t\t<div class=\"elementor-container elementor-column-gap-default\">\n\t\t\t\t\t<div class=\"elementor-column elementor-col-50 elementor-inner-column elementor-element elementor-element-6e0e9a4\" data-id=\"6e0e9a4\" data-element_type=\"column\" data-e-type=\"column\">\n\t\t\t<div class=\"elementor-widget-wrap elementor-element-populated\">\n\t\t\t\t\t\t<div class=\"elementor-element elementor-element-03a0cd8 elementor-widget elementor-widget-text-editor\" data-id=\"03a0cd8\" data-element_type=\"widget\" data-e-type=\"widget\" data-widget_type=\"text-editor.default\">\n\t\t\t\t<div class=\"elementor-widget-container\">\n\t\t\t\t\t\t\t\t\t<p>Le renouveau technologique pour la plate-forme Tribuna.<\/p>\t\t\t\t\t\t\t\t<\/div>\n\t\t\t\t<\/div>\n\t\t\t\t\t<\/div>\n\t\t<\/div>\n\t\t\t\t<div class=\"elementor-column elementor-col-50 elementor-inner-column elementor-element elementor-element-b7c82a3\" data-id=\"b7c82a3\" data-element_type=\"column\" data-e-type=\"column\">\n\t\t\t<div class=\"elementor-widget-wrap\">\n\t\t\t\t\t\t\t<\/div>\n\t\t<\/div>\n\t\t\t\t\t<\/div>\n\t\t<\/section>\n\t\t\t\t\t<\/div>\n\t\t<\/div>\n\t\t\t\t\t<\/div>\n\t\t<\/section>\n\t\t\t\t<section class=\"elementor-section elementor-top-section elementor-element elementor-element-a4cda7b elementor-section-boxed elementor-section-height-default elementor-section-height-default elementor-invisible\" data-id=\"a4cda7b\" data-element_type=\"section\" data-e-type=\"section\" data-settings=\"{&quot;animation&quot;:&quot;fadeIn&quot;}\">\n\t\t\t\t\t\t<div class=\"elementor-container elementor-column-gap-default\">\n\t\t\t\t\t<div class=\"elementor-column elementor-col-100 elementor-top-column elementor-element elementor-element-628a597\" data-id=\"628a597\" data-element_type=\"column\" data-e-type=\"column\">\n\t\t\t<div class=\"elementor-widget-wrap elementor-element-populated\">\n\t\t\t\t\t\t<section class=\"elementor-section elementor-inner-section elementor-element elementor-element-b2ff52e elementor-section-boxed elementor-section-height-default elementor-section-height-default\" data-id=\"b2ff52e\" data-element_type=\"section\" data-e-type=\"section\" data-settings=\"{&quot;animation&quot;:&quot;none&quot;}\">\n\t\t\t\t\t\t<div class=\"elementor-container elementor-column-gap-default\">\n\t\t\t\t\t<div class=\"elementor-column elementor-col-50 elementor-inner-column elementor-element elementor-element-a684b6e\" data-id=\"a684b6e\" data-element_type=\"column\" data-e-type=\"column\">\n\t\t\t<div class=\"elementor-widget-wrap elementor-element-populated\">\n\t\t\t\t\t\t<div class=\"elementor-element elementor-element-bb6f0e9 elementor-widget elementor-widget-image\" data-id=\"bb6f0e9\" data-element_type=\"widget\" data-e-type=\"widget\" data-widget_type=\"image.default\">\n\t\t\t\t<div class=\"elementor-widget-container\">\n\t\t\t\t\t\t\t\t\t\t\t\t\t\t\t<img fetchpriority=\"high\" decoding=\"async\" width=\"800\" height=\"534\" src=\"https:\/\/deltalogic.ch\/wp-content\/uploads\/2021\/04\/Idee-und-Vorteile--1024x683.jpg\" class=\"attachment-large size-large wp-image-2099\" alt=\"\" srcset=\"https:\/\/deltalogic.ch\/wp-content\/uploads\/2021\/04\/Idee-und-Vorteile--1024x683.jpg 1024w, https:\/\/deltalogic.ch\/wp-content\/uploads\/2021\/04\/Idee-und-Vorteile--300x200.jpg 300w, https:\/\/deltalogic.ch\/wp-content\/uploads\/2021\/04\/Idee-und-Vorteile--768x512.jpg 768w, https:\/\/deltalogic.ch\/wp-content\/uploads\/2021\/04\/Idee-und-Vorteile--1536x1024.jpg 1536w, https:\/\/deltalogic.ch\/wp-content\/uploads\/2021\/04\/Idee-und-Vorteile-.jpg 1920w\" sizes=\"(max-width: 800px) 100vw, 800px\" \/>\t\t\t\t\t\t\t\t\t\t\t\t\t\t\t<\/div>\n\t\t\t\t<\/div>\n\t\t\t\t\t<\/div>\n\t\t<\/div>\n\t\t\t\t<div class=\"elementor-column elementor-col-50 elementor-inner-column elementor-element elementor-element-5243e68\" data-id=\"5243e68\" data-element_type=\"column\" data-e-type=\"column\">\n\t\t\t<div class=\"elementor-widget-wrap elementor-element-populated\">\n\t\t\t\t\t\t<div class=\"elementor-element elementor-element-14d6ef7 elementor-widget elementor-widget-heading\" data-id=\"14d6ef7\" data-element_type=\"widget\" data-e-type=\"widget\" data-widget_type=\"heading.default\">\n\t\t\t\t<div class=\"elementor-widget-container\">\n\t\t\t\t\t<h2 class=\"elementor-heading-title elementor-size-default\">Id\u00e9e Et Avantages<\/h2>\t\t\t\t<\/div>\n\t\t\t\t<\/div>\n\t\t\t\t<div class=\"elementor-element elementor-element-f2aafaa elementor-widget-divider--view-line elementor-widget elementor-widget-divider\" data-id=\"f2aafaa\" data-element_type=\"widget\" data-e-type=\"widget\" data-widget_type=\"divider.default\">\n\t\t\t\t<div class=\"elementor-widget-container\">\n\t\t\t\t\t\t\t<div class=\"elementor-divider\">\n\t\t\t<span class=\"elementor-divider-separator\">\n\t\t\t\t\t\t<\/span>\n\t\t<\/div>\n\t\t\t\t\t\t<\/div>\n\t\t\t\t<\/div>\n\t\t\t\t<div class=\"elementor-element elementor-element-2903bb8 elementor-widget elementor-widget-text-editor\" data-id=\"2903bb8\" data-element_type=\"widget\" data-e-type=\"widget\" data-widget_type=\"text-editor.default\">\n\t\t\t\t<div class=\"elementor-widget-container\">\n\t\t\t\t\t\t\t\t\t<div class=\"elementor-element elementor-element-18134ed7 elementor-widget elementor-widget-text-editor is-mac\" data-id=\"18134ed7\" data-element_type=\"widget\" data-widget_type=\"text-editor.default\"><div class=\"elementor-widget-container\"><div class=\"elementor-text-editor elementor-clearfix\"><p>Au fil des ans, la gestion d\u2019affaires et les diff\u00e9rents modules de Tribuna ont \u00e9t\u00e9 constamment \u00e9tendus et adapt\u00e9s \u00e0 l\u2019\u00e9tat de la technique respectif. Les exigences des syst\u00e8mes environnants ont \u00e9galement chang\u00e9 au fil du temps. En outre, nous voulions soutenir de mani\u00e8re proactive nos clients dans leurs efforts de digitalisation. Ainsi, en 2015, nous avons pris la d\u00e9cision r\u00e9volutionnaire de poursuivre le d\u00e9veloppement de la c\u00e9l\u00e8bre version du Tribuna. La premi\u00e8re pierre de la nouvelle version V4 a \u00e9t\u00e9 pos\u00e9e. Le r\u00e9sultat est un outil moderne, frais et tr\u00e8s convivial qui \u00e9limine les faiblesses des versions pr\u00e9c\u00e9dentes et int\u00e8gre toute une s\u00e9rie de nouvelles fonctionnalit\u00e9s. Pour la justice et les autorit\u00e9s de poursuite p\u00e9nale en particulier, Tribuna V4 est devenu la plaque tourante du traitement \u00e9lectronique des dossiers.<\/p><\/div><\/div><\/div><div class=\"elementor-element elementor-element-462d2c52 elementor-widget elementor-widget-text-editor is-mac\" data-id=\"462d2c52\" data-element_type=\"widget\" data-widget_type=\"text-editor.default\"><div class=\"elementor-widget-container\"><div class=\"elementor-text-editor elementor-clearfix\"><p>Tribuna V4 est enti\u00e8rement bas\u00e9 sur le web. Les composants de l&rsquo;application sont ainsi d\u00e9coupl\u00e9s des composants du syst\u00e8me et des composants clients : l\u2019interface utilisateur, les processus commerciaux, l\u2019acc\u00e8s aux donn\u00e9es et les sources de donn\u00e9es sont d\u00e9sormais consid\u00e9r\u00e9s comme des couches ind\u00e9pendantes, ce qui permet une mise en \u0153uvre rapide et cibl\u00e9e des exigences et des am\u00e9liorations des clients.<\/p><\/div><\/div><\/div><div class=\"elementor-element elementor-element-9c15a75 elementor-widget elementor-widget-text-editor is-mac\" data-id=\"9c15a75\" data-element_type=\"widget\" data-widget_type=\"text-editor.default\"><div class=\"elementor-widget-container\"><div class=\"elementor-text-editor elementor-clearfix\"><p>Voici quelques avantages suppl\u00e9mentaires de Tribuna V4 :<\/p><ul><li>Une application sp\u00e9cialis\u00e9e avec une gamme compl\u00e8te de fonctions<\/li><li>Perfectionn\u00e9 pour les tribunaux et les services r\u00e9pressifs<\/li><li>Technologie et architecture de derni\u00e8re g\u00e9n\u00e9ration<\/li><li>Conception modulaire<\/li><li>Logiciel bas\u00e9 sur le Web et \u00e0 gestion centralis\u00e9e<\/li><li>D\u00e9velopp\u00e9 en collaboration avec les clients<\/li><li>Poste de travail personnalisable<\/li><li>Am\u00e9lioration significative des performances lors de la fusion des documents<\/li><li>Optimis\u00e9 pour le t\u00e9l\u00e9travail<\/li><li>100% des Traitements des dossiers sont \u00e9lectroniques<\/li><li>Norme de s\u00e9curit\u00e9 \u00e9lev\u00e9e gr\u00e2ce au cryptage SSL et \u00e0 l\u2019int\u00e9gration HTTPS<\/li><\/ul><\/div><\/div><\/div>\t\t\t\t\t\t\t\t<\/div>\n\t\t\t\t<\/div>\n\t\t\t\t\t<\/div>\n\t\t<\/div>\n\t\t\t\t\t<\/div>\n\t\t<\/section>\n\t\t\t\t\t<\/div>\n\t\t<\/div>\n\t\t\t\t\t<\/div>\n\t\t<\/section>\n\t\t\t\t<section class=\"elementor-section elementor-top-section elementor-element elementor-element-5f16c54 elementor-section-boxed elementor-section-height-default elementor-section-height-default elementor-invisible\" data-id=\"5f16c54\" data-element_type=\"section\" data-e-type=\"section\" data-settings=\"{&quot;animation&quot;:&quot;fadeIn&quot;}\">\n\t\t\t\t\t\t<div class=\"elementor-container elementor-column-gap-default\">\n\t\t\t\t\t<div class=\"elementor-column elementor-col-100 elementor-top-column elementor-element elementor-element-efa7cc2\" data-id=\"efa7cc2\" data-element_type=\"column\" data-e-type=\"column\">\n\t\t\t<div class=\"elementor-widget-wrap elementor-element-populated\">\n\t\t\t\t\t\t<section class=\"elementor-section elementor-inner-section elementor-element elementor-element-188b755 elementor-section-boxed elementor-section-height-default elementor-section-height-default\" data-id=\"188b755\" data-element_type=\"section\" data-e-type=\"section\">\n\t\t\t\t\t\t<div class=\"elementor-container elementor-column-gap-default\">\n\t\t\t\t\t<div class=\"elementor-column elementor-col-50 elementor-inner-column elementor-element elementor-element-bb0ab29\" data-id=\"bb0ab29\" data-element_type=\"column\" data-e-type=\"column\">\n\t\t\t<div class=\"elementor-widget-wrap elementor-element-populated\">\n\t\t\t\t\t\t<div class=\"elementor-element elementor-element-4ab0ddd elementor-widget elementor-widget-image\" data-id=\"4ab0ddd\" data-element_type=\"widget\" data-e-type=\"widget\" data-widget_type=\"image.default\">\n\t\t\t\t<div class=\"elementor-widget-container\">\n\t\t\t\t\t\t\t\t\t\t\t\t\t\t\t<img decoding=\"async\" width=\"613\" height=\"468\" src=\"https:\/\/deltalogic.ch\/wp-content\/uploads\/2021\/04\/Pilotkunden.jpg\" class=\"attachment-large size-large wp-image-2101\" alt=\"\" srcset=\"https:\/\/deltalogic.ch\/wp-content\/uploads\/2021\/04\/Pilotkunden.jpg 613w, https:\/\/deltalogic.ch\/wp-content\/uploads\/2021\/04\/Pilotkunden-300x229.jpg 300w\" sizes=\"(max-width: 613px) 100vw, 613px\" \/>\t\t\t\t\t\t\t\t\t\t\t\t\t\t\t<\/div>\n\t\t\t\t<\/div>\n\t\t\t\t\t<\/div>\n\t\t<\/div>\n\t\t\t\t<div class=\"elementor-column elementor-col-50 elementor-inner-column elementor-element elementor-element-9a6f16d\" data-id=\"9a6f16d\" data-element_type=\"column\" data-e-type=\"column\">\n\t\t\t<div class=\"elementor-widget-wrap elementor-element-populated\">\n\t\t\t\t\t\t<div class=\"elementor-element elementor-element-d882981 elementor-widget elementor-widget-heading\" data-id=\"d882981\" data-element_type=\"widget\" data-e-type=\"widget\" data-widget_type=\"heading.default\">\n\t\t\t\t<div class=\"elementor-widget-container\">\n\t\t\t\t\t<h2 class=\"elementor-heading-title elementor-size-default\">Informations Actuelles<\/h2>\t\t\t\t<\/div>\n\t\t\t\t<\/div>\n\t\t\t\t<div class=\"elementor-element elementor-element-fbfa277 elementor-widget-divider--view-line elementor-widget elementor-widget-divider\" data-id=\"fbfa277\" data-element_type=\"widget\" data-e-type=\"widget\" data-widget_type=\"divider.default\">\n\t\t\t\t<div class=\"elementor-widget-container\">\n\t\t\t\t\t\t\t<div class=\"elementor-divider\">\n\t\t\t<span class=\"elementor-divider-separator\">\n\t\t\t\t\t\t<\/span>\n\t\t<\/div>\n\t\t\t\t\t\t<\/div>\n\t\t\t\t<\/div>\n\t\t\t\t<div class=\"elementor-element elementor-element-f72fa1a elementor-widget elementor-widget-text-editor\" data-id=\"f72fa1a\" data-element_type=\"widget\" data-e-type=\"widget\" data-widget_type=\"text-editor.default\">\n\t\t\t\t<div class=\"elementor-widget-container\">\n\t\t\t\t\t\t\t\t\t<p>A ce stade, nous vous informons de la situation actuelle du projet Tribuna V4.<\/p><p><strong>Octobre 2024<\/strong><br \/>La solution productive Tribuna V4 sera pr\u00e9sent\u00e9e \u00e0 un large public lors de \u00ab\u00a0Delta Logic Impulse Day\u00a0\u00bb.<\/p><p><strong>Ao\u00fbt 2024<\/strong><br \/>Tribuna V4 f\u00eate son premier \u00ab go-live \u00bb r\u00e9ussi et les prochains sont d\u00e9j\u00e0 en pr\u00e9paration.\u00a0Le projet principal est donc termin\u00e9 et nous sommes heureux d&rsquo;avoir atteint cette \u00e9tape. D&rsquo;autres fonctions suppl\u00e9mentaires et extensions de programme suivront.<\/p><p><strong>Novembre 2023<\/strong><br \/>Tribuna V4 Review Meeting au Business Park de Sursee.<br \/>Le 15.11.2023, la version actuelle de Tribuna V4 a \u00e9t\u00e9 test\u00e9e de mani\u00e8re intensive par les clients de Delta Logic. Les r\u00e9sultats des tests sont int\u00e9gr\u00e9s dans la suite du d\u00e9veloppement apr\u00e8s une analyse et une classification internes.<\/p>\t\t\t\t\t\t\t\t<\/div>\n\t\t\t\t<\/div>\n\t\t\t\t\t<\/div>\n\t\t<\/div>\n\t\t\t\t\t<\/div>\n\t\t<\/section>\n\t\t\t\t\t<\/div>\n\t\t<\/div>\n\t\t\t\t\t<\/div>\n\t\t<\/section>\n\t\t\t\t<section class=\"elementor-section elementor-top-section elementor-element elementor-element-261b59d elementor-section-boxed elementor-section-height-default elementor-section-height-default elementor-invisible\" data-id=\"261b59d\" data-element_type=\"section\" data-e-type=\"section\" data-settings=\"{&quot;animation&quot;:&quot;fadeIn&quot;}\">\n\t\t\t\t\t\t<div class=\"elementor-container elementor-column-gap-default\">\n\t\t\t\t\t<div class=\"elementor-column elementor-col-100 elementor-top-column elementor-element elementor-element-a350717\" data-id=\"a350717\" data-element_type=\"column\" data-e-type=\"column\">\n\t\t\t<div class=\"elementor-widget-wrap\">\n\t\t\t\t\t\t\t<\/div>\n\t\t<\/div>\n\t\t\t\t\t<\/div>\n\t\t<\/section>\n\t\t\t\t<\/div>\n\t\t","protected":false},"excerpt":{"rendered":"<p>Tribuna V4 Le renouveau technologique pour la plate-forme Tribuna. Id\u00e9e Et Avantages Au fil des ans, la gestion d\u2019affaires et les diff\u00e9rents modules de Tribuna ont \u00e9t\u00e9 constamment \u00e9tendus et adapt\u00e9s \u00e0 l\u2019\u00e9tat de la technique respectif. Les exigences des syst\u00e8mes environnants ont \u00e9galement chang\u00e9 au fil du temps. En outre, nous voulions soutenir de [&hellip;]<\/p>\n","protected":false},"author":1,"featured_media":0,"parent":0,"menu_order":0,"comment_status":"closed","ping_status":"closed","template":"elementor_header_footer","meta":{"_acf_changed":false,"inline_featured_image":false,"footnotes":""},"class_list":["post-1933","page","type-page","status-publish","hentry"],"acf":[],"_links":{"self":[{"href":"https:\/\/deltalogic.ch\/fr\/wp-json\/wp\/v2\/pages\/1933","targetHints":{"allow":["GET"]}}],"collection":[{"href":"https:\/\/deltalogic.ch\/fr\/wp-json\/wp\/v2\/pages"}],"about":[{"href":"https:\/\/deltalogic.ch\/fr\/wp-json\/wp\/v2\/types\/page"}],"author":[{"embeddable":true,"href":"https:\/\/deltalogic.ch\/fr\/wp-json\/wp\/v2\/users\/1"}],"replies":[{"embeddable":true,"href":"https:\/\/deltalogic.ch\/fr\/wp-json\/wp\/v2\/comments?post=1933"}],"version-history":[{"count":68,"href":"https:\/\/deltalogic.ch\/fr\/wp-json\/wp\/v2\/pages\/1933\/revisions"}],"predecessor-version":[{"id":4053,"href":"https:\/\/deltalogic.ch\/fr\/wp-json\/wp\/v2\/pages\/1933\/revisions\/4053"}],"wp:attachment":[{"href":"https:\/\/deltalogic.ch\/fr\/wp-json\/wp\/v2\/media?parent=1933"}],"curies":[{"name":"wp","href":"https:\/\/api.w.org\/{rel}","templated":true}]}}