{"id":1931,"date":"2021-04-25T23:10:17","date_gmt":"2021-04-25T22:10:17","guid":{"rendered":"https:\/\/dreamy-jennings.185-66-109-103.plesk.page.185-117-169-222.srv54.webpreview.ch\/solutions\/catalogue-des-services\/"},"modified":"2025-06-23T08:24:33","modified_gmt":"2025-06-23T07:24:33","slug":"catalogue-des-services","status":"publish","type":"page","link":"https:\/\/deltalogic.ch\/fr\/solutions\/catalogue-des-services\/","title":{"rendered":"Catalogue des services"},"content":{"rendered":"\t\t<div data-elementor-type=\"wp-page\" data-elementor-id=\"1931\" class=\"elementor elementor-1931 elementor-882\" data-elementor-post-type=\"page\">\n\t\t\t\t\t\t<section class=\"elementor-section elementor-top-section elementor-element elementor-element-2cef5a2e elementor-section-boxed elementor-section-height-default elementor-section-height-default elementor-invisible\" data-id=\"2cef5a2e\" data-element_type=\"section\" data-e-type=\"section\" data-settings=\"{&quot;background_background&quot;:&quot;classic&quot;,&quot;animation&quot;:&quot;fadeIn&quot;}\">\n\t\t\t\t\t\t<div class=\"elementor-container elementor-column-gap-default\">\n\t\t\t\t\t<div class=\"elementor-column elementor-col-100 elementor-top-column elementor-element elementor-element-2f85ea0f\" data-id=\"2f85ea0f\" data-element_type=\"column\" data-e-type=\"column\">\n\t\t\t<div class=\"elementor-widget-wrap elementor-element-populated\">\n\t\t\t\t\t\t<section class=\"elementor-section elementor-inner-section elementor-element elementor-element-1cfc6cc2 elementor-section-boxed elementor-section-height-default elementor-section-height-default\" data-id=\"1cfc6cc2\" data-element_type=\"section\" data-e-type=\"section\">\n\t\t\t\t\t\t<div class=\"elementor-container elementor-column-gap-default\">\n\t\t\t\t\t<div class=\"elementor-column elementor-col-100 elementor-inner-column elementor-element elementor-element-5ba2955d\" data-id=\"5ba2955d\" data-element_type=\"column\" data-e-type=\"column\">\n\t\t\t<div class=\"elementor-widget-wrap elementor-element-populated\">\n\t\t\t\t\t\t<div class=\"elementor-element elementor-element-310536d6 elementor-widget elementor-widget-heading\" data-id=\"310536d6\" data-element_type=\"widget\" data-e-type=\"widget\" data-widget_type=\"heading.default\">\n\t\t\t\t<div class=\"elementor-widget-container\">\n\t\t\t\t\t<h1 class=\"elementor-heading-title elementor-size-default\">Catalogue des services<\/h1>\t\t\t\t<\/div>\n\t\t\t\t<\/div>\n\t\t\t\t\t<\/div>\n\t\t<\/div>\n\t\t\t\t\t<\/div>\n\t\t<\/section>\n\t\t\t\t<section class=\"elementor-section elementor-inner-section elementor-element elementor-element-8000be7 elementor-section-boxed elementor-section-height-default elementor-section-height-default\" data-id=\"8000be7\" data-element_type=\"section\" data-e-type=\"section\">\n\t\t\t\t\t\t<div class=\"elementor-container elementor-column-gap-default\">\n\t\t\t\t\t<div class=\"elementor-column elementor-col-50 elementor-inner-column elementor-element elementor-element-6e0e9a4\" data-id=\"6e0e9a4\" data-element_type=\"column\" data-e-type=\"column\">\n\t\t\t<div class=\"elementor-widget-wrap elementor-element-populated\">\n\t\t\t\t\t\t<div class=\"elementor-element elementor-element-03a0cd8 elementor-widget elementor-widget-text-editor\" data-id=\"03a0cd8\" data-element_type=\"widget\" data-e-type=\"widget\" data-widget_type=\"text-editor.default\">\n\t\t\t\t<div class=\"elementor-widget-container\">\n\t\t\t\t\t\t\t\t\t<p>Nous soutenons nos clients avec une vari\u00e9t\u00e9 de services.<\/p>\t\t\t\t\t\t\t\t<\/div>\n\t\t\t\t<\/div>\n\t\t\t\t\t<\/div>\n\t\t<\/div>\n\t\t\t\t<div class=\"elementor-column elementor-col-50 elementor-inner-column elementor-element elementor-element-b7c82a3\" data-id=\"b7c82a3\" data-element_type=\"column\" data-e-type=\"column\">\n\t\t\t<div class=\"elementor-widget-wrap\">\n\t\t\t\t\t\t\t<\/div>\n\t\t<\/div>\n\t\t\t\t\t<\/div>\n\t\t<\/section>\n\t\t\t\t\t<\/div>\n\t\t<\/div>\n\t\t\t\t\t<\/div>\n\t\t<\/section>\n\t\t\t\t<section class=\"elementor-section elementor-top-section elementor-element elementor-element-7a41705 elementor-section-boxed elementor-section-height-default elementor-section-height-default elementor-invisible\" data-id=\"7a41705\" data-element_type=\"section\" data-e-type=\"section\" data-settings=\"{&quot;animation&quot;:&quot;fadeIn&quot;}\">\n\t\t\t\t\t\t<div class=\"elementor-container elementor-column-gap-default\">\n\t\t\t\t\t<div class=\"elementor-column elementor-col-100 elementor-top-column elementor-element elementor-element-50567fa\" data-id=\"50567fa\" data-element_type=\"column\" data-e-type=\"column\">\n\t\t\t<div class=\"elementor-widget-wrap elementor-element-populated\">\n\t\t\t\t\t\t<div class=\"elementor-element elementor-element-ed89ba4 elementor-widget elementor-widget-text-editor\" data-id=\"ed89ba4\" data-element_type=\"widget\" data-e-type=\"widget\" data-widget_type=\"text-editor.default\">\n\t\t\t\t<div class=\"elementor-widget-container\">\n\t\t\t\t\t\t\t\t\tDelta Logic s\u2019engage \u00e0 vous aider \u00e0 tirer le meilleur parti de vos solutions Tribuna. Nous soutenons votre organisation par des services professionnels. Notre \u00e9quipe d\u2019experts hautement qualifi\u00e9s travaillera avec vous pour \u00e9laborer un plan d\u2019action pr\u00e9cis.\t\t\t\t\t\t\t\t<\/div>\n\t\t\t\t<\/div>\n\t\t\t\t<div class=\"elementor-element elementor-element-2777b9b elementor-widget elementor-widget-text-editor\" data-id=\"2777b9b\" data-element_type=\"widget\" data-e-type=\"widget\" data-widget_type=\"text-editor.default\">\n\t\t\t\t<div class=\"elementor-widget-container\">\n\t\t\t\t\t\t\t\t\t<p>Vous trouverez ci-dessous un aper\u00e7u de notre catalogue de services. Si vous \u00eates int\u00e9ress\u00e9 par un ou plusieurs de ces services, veuillez nous contacter par t\u00e9l\u00e9phone ou via notre Service Desk.<\/p>\n\t\t\t\t\t\t\t\t<\/div>\n\t\t\t\t<\/div>\n\t\t\t\t\t<\/div>\n\t\t<\/div>\n\t\t\t\t\t<\/div>\n\t\t<\/section>\n\t\t\t\t<section class=\"elementor-section elementor-top-section elementor-element elementor-element-5a4889f elementor-section-boxed elementor-section-height-default elementor-section-height-default elementor-invisible\" data-id=\"5a4889f\" data-element_type=\"section\" data-e-type=\"section\" data-settings=\"{&quot;animation&quot;:&quot;fadeIn&quot;}\">\n\t\t\t\t\t\t<div class=\"elementor-container elementor-column-gap-default\">\n\t\t\t\t\t<div class=\"elementor-column elementor-col-100 elementor-top-column elementor-element elementor-element-23aacc4\" data-id=\"23aacc4\" data-element_type=\"column\" data-e-type=\"column\">\n\t\t\t<div class=\"elementor-widget-wrap elementor-element-populated\">\n\t\t\t\t\t\t<div class=\"elementor-element elementor-element-cbf8bf4 elementor-widget elementor-widget-heading\" data-id=\"cbf8bf4\" data-element_type=\"widget\" data-e-type=\"widget\" data-widget_type=\"heading.default\">\n\t\t\t\t<div class=\"elementor-widget-container\">\n\t\t\t\t\t<h2 class=\"elementor-heading-title elementor-size-default\">Services g\u00e9n\u00e9raux<\/h2>\t\t\t\t<\/div>\n\t\t\t\t<\/div>\n\t\t\t\t<div class=\"elementor-element elementor-element-962f7b9 elementor-widget elementor-widget-text-editor\" data-id=\"962f7b9\" data-element_type=\"widget\" data-e-type=\"widget\" data-widget_type=\"text-editor.default\">\n\t\t\t\t<div class=\"elementor-widget-container\">\n\t\t\t\t\t\t\t\t\t<ul>\n<li><strong>Ces services sont des services g\u00e9n\u00e9raux que la plupart de nos clients utilisent.<\/strong><\/li>\n\n<li><strong>Mise en \u0153uvre des solutions standard de Tribuna<\/strong>\n<ol>\n    <li><a href=\"\/fr\/solutions\/gestion-daffaires\/\">Gestion d\u2019affaires<\/a><\/li>\n    <li><a href=\"\/fr\/solutions\/comptabilite\/\">Comptabilit\u00e9<\/a><\/li>\n    <li><a href=\"\/fr\/solutions\/pleintexte-pleintexte-plus\/\">Plein Texte Plus<\/a><\/li>\n    <li><a href=\"\/fr\/solutions\/anonymisation\/\">Anonymisation<\/a><\/li>\n    <li><a href=\"\/fr\/solutions\/publication\/\">Publication<\/a><\/li>\n    <li><a href=\"\/fr\/solutions\/bibliotheque\/\">Biblioth\u00e8que<\/a><\/li>\n<\/ol>\n<\/li>\n<li><strong>Installation de mises \u00e0 jour de versions, y compris les mises \u00e0 jour de serveurs<\/strong><\/li>\n<li><strong>Modification\/migration des bases de donn\u00e9es<\/strong><\/li>\n<li><strong>Formation<\/strong>\n<ol>\n    <li>Gestion d\u2019affaires \/ Nouveaux utilisateurs<\/li>\n    <li>Formation des administrateurs de syst\u00e8me<\/li>\n    <li>Mod\u00e8les<\/li>\n    <li>Statistiques \/ Rapports<\/li>\n    <li>Comptabilit\u00e9<\/li>\n<\/ol>\n<\/li>\t\t\t\t\t\t\t\t<\/div>\n\t\t\t\t<\/div>\n\t\t\t\t\t<\/div>\n\t\t<\/div>\n\t\t\t\t\t<\/div>\n\t\t<\/section>\n\t\t\t\t<section class=\"elementor-section elementor-top-section elementor-element elementor-element-cff1d01 elementor-section-boxed elementor-section-height-default elementor-section-height-default elementor-invisible\" data-id=\"cff1d01\" data-element_type=\"section\" data-e-type=\"section\" data-settings=\"{&quot;animation&quot;:&quot;fadeIn&quot;}\">\n\t\t\t\t\t\t<div class=\"elementor-container elementor-column-gap-default\">\n\t\t\t\t\t<div class=\"elementor-column elementor-col-100 elementor-top-column elementor-element elementor-element-6246009\" data-id=\"6246009\" data-element_type=\"column\" data-e-type=\"column\">\n\t\t\t<div class=\"elementor-widget-wrap elementor-element-populated\">\n\t\t\t\t\t\t<div class=\"elementor-element elementor-element-1205597 elementor-widget elementor-widget-heading\" data-id=\"1205597\" data-element_type=\"widget\" data-e-type=\"widget\" data-widget_type=\"heading.default\">\n\t\t\t\t<div class=\"elementor-widget-container\">\n\t\t\t\t\t<h2 class=\"elementor-heading-title elementor-size-default\">Services d\u2019optimisation<\/h2>\t\t\t\t<\/div>\n\t\t\t\t<\/div>\n\t\t\t\t<div class=\"elementor-element elementor-element-eb82033 elementor-widget elementor-widget-text-editor\" data-id=\"eb82033\" data-element_type=\"widget\" data-e-type=\"widget\" data-widget_type=\"text-editor.default\">\n\t\t\t\t<div class=\"elementor-widget-container\">\n\t\t\t\t\t\t\t\t\t<p>Nous offrons une gamme de services pour vous aider \u00e0 automatiser et \u00e0 am\u00e9liorer les processus.<\/p>\n<ul>\n<li>Bilan de sant\u00e9 pour l\u2019optimisation du syst\u00e8me<\/li>\n<li>Fusion des tribunaux ou des parquets<\/li>\n<li>Documents de la Cour en ligne (GU\/R Online)<\/li>\n<li>Anonymisation des donn\u00e9es d\u2019essai<\/li>\n<li>Flux RSS (fonction suppl\u00e9mentaire \u00e0 la solution de publication)<\/li>\n<li>Ordres de d\u00e9veloppement sp\u00e9cifiques pour la mise en \u0153uvre de flux de travail propres ou de fonctionnalit\u00e9s suppl\u00e9mentaires<\/li>\n<\/ul>\n\t\t\t\t\t\t\t\t<\/div>\n\t\t\t\t<\/div>\n\t\t\t\t\t<\/div>\n\t\t<\/div>\n\t\t\t\t\t<\/div>\n\t\t<\/section>\n\t\t\t\t<section class=\"elementor-section elementor-top-section elementor-element elementor-element-e66ecf1 elementor-section-boxed elementor-section-height-default elementor-section-height-default elementor-invisible\" data-id=\"e66ecf1\" data-element_type=\"section\" data-e-type=\"section\" data-settings=\"{&quot;animation&quot;:&quot;fadeIn&quot;}\">\n\t\t\t\t\t\t<div class=\"elementor-container elementor-column-gap-default\">\n\t\t\t\t\t<div class=\"elementor-column elementor-col-100 elementor-top-column elementor-element elementor-element-a46d283\" data-id=\"a46d283\" data-element_type=\"column\" data-e-type=\"column\">\n\t\t\t<div class=\"elementor-widget-wrap elementor-element-populated\">\n\t\t\t\t\t\t<div class=\"elementor-element elementor-element-b85165f elementor-widget elementor-widget-heading\" data-id=\"b85165f\" data-element_type=\"widget\" data-e-type=\"widget\" data-widget_type=\"heading.default\">\n\t\t\t\t<div class=\"elementor-widget-container\">\n\t\t\t\t\t<h2 class=\"elementor-heading-title elementor-size-default\">Introduction des interfaces<\/h2>\t\t\t\t<\/div>\n\t\t\t\t<\/div>\n\t\t\t\t<div class=\"elementor-element elementor-element-157e221 elementor-widget elementor-widget-text-editor\" data-id=\"157e221\" data-element_type=\"widget\" data-e-type=\"widget\" data-widget_type=\"text-editor.default\">\n\t\t\t\t<div class=\"elementor-widget-container\">\n\t\t\t\t\t\t\t\t\t<p>Une s\u00e9rie d\u2019interfaces standardis\u00e9es ou sp\u00e9cifiques au client vous permettent de communiquer encore plus efficacement avec d\u2019autres acteurs du syst\u00e8me judiciaire et en dehors de celui-ci.<\/p>\n<ul>\n<li>Interface eLP entre les bureaux de recouvrement de cr\u00e9ances et les minist\u00e8res publics en coop\u00e9ration avec Collecta<\/li>\n<li>Interface OBV pour l\u2019importation des amendes administratives<\/li>\n<li>Interface VOSTRA avec le casier judiciaire<\/li>\n<li>Programmation et mise en \u0153uvre d\u2019interfaces sp\u00e9cifiques aux clients<\/li>\n<\/ul>\n\t\t\t\t\t\t\t\t<\/div>\n\t\t\t\t<\/div>\n\t\t\t\t\t<\/div>\n\t\t<\/div>\n\t\t\t\t\t<\/div>\n\t\t<\/section>\n\t\t\t\t<section class=\"elementor-section elementor-top-section elementor-element elementor-element-25879d0 elementor-section-boxed elementor-section-height-default elementor-section-height-default\" data-id=\"25879d0\" data-element_type=\"section\" data-e-type=\"section\">\n\t\t\t\t\t\t<div class=\"elementor-container elementor-column-gap-default\">\n\t\t\t\t\t<div class=\"elementor-column elementor-col-100 elementor-top-column elementor-element elementor-element-2838fc7\" data-id=\"2838fc7\" data-element_type=\"column\" data-e-type=\"column\">\n\t\t\t<div class=\"elementor-widget-wrap elementor-element-populated\">\n\t\t\t\t\t\t<div class=\"elementor-element elementor-element-c7206b9 elementor-widget elementor-widget-heading\" data-id=\"c7206b9\" data-element_type=\"widget\" data-e-type=\"widget\" data-widget_type=\"heading.default\">\n\t\t\t\t<div class=\"elementor-widget-container\">\n\t\t\t\t\t<h2 class=\"elementor-heading-title elementor-size-default\">Conditions g\u00e9n\u00e9rales<\/h2>\t\t\t\t<\/div>\n\t\t\t\t<\/div>\n\t\t\t\t\t<\/div>\n\t\t<\/div>\n\t\t\t\t\t<\/div>\n\t\t<\/section>\n\t\t\t\t<section class=\"elementor-section elementor-top-section elementor-element elementor-element-7a1ca42 elementor-section-boxed elementor-section-height-default elementor-section-height-default\" data-id=\"7a1ca42\" data-element_type=\"section\" data-e-type=\"section\">\n\t\t\t\t\t\t<div class=\"elementor-container elementor-column-gap-default\">\n\t\t\t\t\t<div class=\"elementor-column elementor-col-100 elementor-top-column elementor-element elementor-element-1799858\" data-id=\"1799858\" data-element_type=\"column\" data-e-type=\"column\">\n\t\t\t<div class=\"elementor-widget-wrap elementor-element-populated\">\n\t\t\t\t\t\t<div class=\"elementor-element elementor-element-1c2f4ee elementor-widget elementor-widget-text-editor\" data-id=\"1c2f4ee\" data-element_type=\"widget\" data-e-type=\"widget\" data-widget_type=\"text-editor.default\">\n\t\t\t\t<div class=\"elementor-widget-container\">\n\t\t\t\t\t\t\t\t\t<p class=\"MsoNormal\"><span style=\"font-size: 12pt; line-height: 107%;\">Les contrats de services sont soumis aux conditions g\u00e9n\u00e9rales de Delta Logic AG. Celles-ci se basent sur les Conditions g\u00e9n\u00e9rales pour les prestations\u00a0 (TIC). Vous trouverez les \u00e9ditions actuelles ici:<\/span><\/p><ul><li><a href=\"https:\/\/deltalogic.ch\/wp-content\/uploads\/2025\/06\/AGB_DLA_06.2025.pdf\" target=\"_blank\" rel=\"noopener\">Conditions g\u00e9n\u00e9rales pour les contrats de services de Delta Logic AG<\/a><\/li><li><a href=\"https:\/\/deltalogic.ch\/wp-content\/uploads\/2025\/06\/AGB_DVS_2025_FR.pdf\" target=\"_blank\" rel=\"noopener\">Conditions g\u00e9n\u00e9rales pour les prestations TIC<\/a><\/li><\/ul>\t\t\t\t\t\t\t\t<\/div>\n\t\t\t\t<\/div>\n\t\t\t\t\t<\/div>\n\t\t<\/div>\n\t\t\t\t\t<\/div>\n\t\t<\/section>\n\t\t\t\t<\/div>\n\t\t","protected":false},"excerpt":{"rendered":"<p>Catalogue des services Nous soutenons nos clients avec une vari\u00e9t\u00e9 de services. Delta Logic s\u2019engage \u00e0 vous aider \u00e0 tirer le meilleur parti de vos solutions Tribuna. Nous soutenons votre organisation par des services professionnels. Notre \u00e9quipe d\u2019experts hautement qualifi\u00e9s travaillera avec vous pour \u00e9laborer un plan d\u2019action pr\u00e9cis. Vous trouverez ci-dessous un aper\u00e7u de [&hellip;]<\/p>\n","protected":false},"author":1,"featured_media":0,"parent":1888,"menu_order":0,"comment_status":"closed","ping_status":"closed","template":"elementor_header_footer","meta":{"_acf_changed":false,"inline_featured_image":false,"footnotes":""},"class_list":["post-1931","page","type-page","status-publish","hentry"],"acf":[],"_links":{"self":[{"href":"https:\/\/deltalogic.ch\/fr\/wp-json\/wp\/v2\/pages\/1931","targetHints":{"allow":["GET"]}}],"collection":[{"href":"https:\/\/deltalogic.ch\/fr\/wp-json\/wp\/v2\/pages"}],"about":[{"href":"https:\/\/deltalogic.ch\/fr\/wp-json\/wp\/v2\/types\/page"}],"author":[{"embeddable":true,"href":"https:\/\/deltalogic.ch\/fr\/wp-json\/wp\/v2\/users\/1"}],"replies":[{"embeddable":true,"href":"https:\/\/deltalogic.ch\/fr\/wp-json\/wp\/v2\/comments?post=1931"}],"version-history":[{"count":46,"href":"https:\/\/deltalogic.ch\/fr\/wp-json\/wp\/v2\/pages\/1931\/revisions"}],"predecessor-version":[{"id":4700,"href":"https:\/\/deltalogic.ch\/fr\/wp-json\/wp\/v2\/pages\/1931\/revisions\/4700"}],"up":[{"embeddable":true,"href":"https:\/\/deltalogic.ch\/fr\/wp-json\/wp\/v2\/pages\/1888"}],"wp:attachment":[{"href":"https:\/\/deltalogic.ch\/fr\/wp-json\/wp\/v2\/media?parent=1931"}],"curies":[{"name":"wp","href":"https:\/\/api.w.org\/{rel}","templated":true}]}}