{"id":1916,"date":"2021-04-25T22:56:36","date_gmt":"2021-04-25T21:56:36","guid":{"rendered":"https:\/\/dreamy-jennings.185-66-109-103.plesk.page.185-117-169-222.srv54.webpreview.ch\/solutions\/anonymisation\/"},"modified":"2024-04-17T08:27:57","modified_gmt":"2024-04-17T07:27:57","slug":"anonymisation","status":"publish","type":"page","link":"https:\/\/deltalogic.ch\/fr\/solutions\/anonymisation\/","title":{"rendered":"Anonymisation"},"content":{"rendered":"\t\t<div data-elementor-type=\"wp-page\" data-elementor-id=\"1916\" class=\"elementor elementor-1916 elementor-863\" data-elementor-post-type=\"page\">\n\t\t\t\t\t\t<section class=\"elementor-section elementor-top-section elementor-element elementor-element-2cef5a2e elementor-section-boxed elementor-section-height-default elementor-section-height-default elementor-invisible\" data-id=\"2cef5a2e\" data-element_type=\"section\" data-e-type=\"section\" data-settings=\"{&quot;background_background&quot;:&quot;classic&quot;,&quot;animation&quot;:&quot;fadeIn&quot;}\">\n\t\t\t\t\t\t<div class=\"elementor-container elementor-column-gap-default\">\n\t\t\t\t\t<div class=\"elementor-column elementor-col-100 elementor-top-column elementor-element elementor-element-2f85ea0f\" data-id=\"2f85ea0f\" data-element_type=\"column\" data-e-type=\"column\">\n\t\t\t<div class=\"elementor-widget-wrap elementor-element-populated\">\n\t\t\t\t\t\t<section class=\"elementor-section elementor-inner-section elementor-element elementor-element-1cfc6cc2 elementor-section-boxed elementor-section-height-default elementor-section-height-default\" data-id=\"1cfc6cc2\" data-element_type=\"section\" data-e-type=\"section\">\n\t\t\t\t\t\t<div class=\"elementor-container elementor-column-gap-default\">\n\t\t\t\t\t<div class=\"elementor-column elementor-col-100 elementor-inner-column elementor-element elementor-element-5ba2955d\" data-id=\"5ba2955d\" data-element_type=\"column\" data-e-type=\"column\">\n\t\t\t<div class=\"elementor-widget-wrap elementor-element-populated\">\n\t\t\t\t\t\t<div class=\"elementor-element elementor-element-310536d6 elementor-widget elementor-widget-heading\" data-id=\"310536d6\" data-element_type=\"widget\" data-e-type=\"widget\" data-widget_type=\"heading.default\">\n\t\t\t\t<div class=\"elementor-widget-container\">\n\t\t\t\t\t<h1 class=\"elementor-heading-title elementor-size-default\">Tribuna Anonymisation<\/h1>\t\t\t\t<\/div>\n\t\t\t\t<\/div>\n\t\t\t\t\t<\/div>\n\t\t<\/div>\n\t\t\t\t\t<\/div>\n\t\t<\/section>\n\t\t\t\t<section class=\"elementor-section elementor-inner-section elementor-element elementor-element-8000be7 elementor-section-boxed elementor-section-height-default elementor-section-height-default\" data-id=\"8000be7\" data-element_type=\"section\" data-e-type=\"section\">\n\t\t\t\t\t\t<div class=\"elementor-container elementor-column-gap-default\">\n\t\t\t\t\t<div class=\"elementor-column elementor-col-50 elementor-inner-column elementor-element elementor-element-6e0e9a4\" data-id=\"6e0e9a4\" data-element_type=\"column\" data-e-type=\"column\">\n\t\t\t<div class=\"elementor-widget-wrap elementor-element-populated\">\n\t\t\t\t\t\t<div class=\"elementor-element elementor-element-03a0cd8 elementor-widget elementor-widget-text-editor\" data-id=\"03a0cd8\" data-element_type=\"widget\" data-e-type=\"widget\" data-widget_type=\"text-editor.default\">\n\t\t\t\t<div class=\"elementor-widget-container\">\n\t\t\t\t\t\t\t\t\t<p>Mettre fin aux longs processus manuels d\u2019anonymisation. Notre solution d\u2019anonymisation automatise votre travail et vous permet de travailler confortablement dans Microsoft Word.<\/p>\t\t\t\t\t\t\t\t<\/div>\n\t\t\t\t<\/div>\n\t\t\t\t\t<\/div>\n\t\t<\/div>\n\t\t\t\t<div class=\"elementor-column elementor-col-50 elementor-inner-column elementor-element elementor-element-b7c82a3\" data-id=\"b7c82a3\" data-element_type=\"column\" data-e-type=\"column\">\n\t\t\t<div class=\"elementor-widget-wrap\">\n\t\t\t\t\t\t\t<\/div>\n\t\t<\/div>\n\t\t\t\t\t<\/div>\n\t\t<\/section>\n\t\t\t\t\t<\/div>\n\t\t<\/div>\n\t\t\t\t\t<\/div>\n\t\t<\/section>\n\t\t\t\t<section class=\"elementor-section elementor-top-section elementor-element elementor-element-7a41705 elementor-section-boxed elementor-section-height-default elementor-section-height-default elementor-invisible\" data-id=\"7a41705\" data-element_type=\"section\" data-e-type=\"section\" data-settings=\"{&quot;animation&quot;:&quot;fadeIn&quot;}\">\n\t\t\t\t\t\t<div class=\"elementor-container elementor-column-gap-default\">\n\t\t\t\t\t<div class=\"elementor-column elementor-col-100 elementor-top-column elementor-element elementor-element-50567fa\" data-id=\"50567fa\" data-element_type=\"column\" data-e-type=\"column\">\n\t\t\t<div class=\"elementor-widget-wrap elementor-element-populated\">\n\t\t\t\t\t\t<div class=\"elementor-element elementor-element-ed89ba4 elementor-widget elementor-widget-text-editor\" data-id=\"ed89ba4\" data-element_type=\"widget\" data-e-type=\"widget\" data-widget_type=\"text-editor.default\">\n\t\t\t\t<div class=\"elementor-widget-container\">\n\t\t\t\t\t\t\t\t\t<p>Copier la d\u00e9cision, rechercher et remplacer le nom et l\u2019adresse des parties concern\u00e9es, ainsi que sauvegarder le nouveau document \u2013 telles sont les t\u00e2ches de routine qui prennent beaucoup de temps et qui sont aujourd\u2019hui li\u00e9es \u00e0 l\u2019anonymisation. Le module d\u2019anonymisation de Tribuna s\u2019en charge d\u00e9sormais. En outre, l\u2019utilisateur b\u00e9n\u00e9ficie d\u2019un aper\u00e7u interactif des indicateurs d\u2019anonymisation utilis\u00e9s. Le travail avec Tribuna Anonymisation est effectu\u00e9 directement dans Microsoft Word.<\/p>\n\t\t\t\t\t\t\t\t<\/div>\n\t\t\t\t<\/div>\n\t\t\t\t\t<\/div>\n\t\t<\/div>\n\t\t\t\t\t<\/div>\n\t\t<\/section>\n\t\t\t\t<section class=\"elementor-section elementor-top-section elementor-element elementor-element-5a4889f elementor-section-boxed elementor-section-height-default elementor-section-height-default elementor-invisible\" data-id=\"5a4889f\" data-element_type=\"section\" data-e-type=\"section\" data-settings=\"{&quot;animation&quot;:&quot;fadeIn&quot;}\">\n\t\t\t\t\t\t<div class=\"elementor-container elementor-column-gap-default\">\n\t\t\t\t\t<div class=\"elementor-column elementor-col-100 elementor-top-column elementor-element elementor-element-23aacc4\" data-id=\"23aacc4\" data-element_type=\"column\" data-e-type=\"column\">\n\t\t\t<div class=\"elementor-widget-wrap elementor-element-populated\">\n\t\t\t\t\t\t<div class=\"elementor-element elementor-element-cbf8bf4 elementor-widget elementor-widget-heading\" data-id=\"cbf8bf4\" data-element_type=\"widget\" data-e-type=\"widget\" data-widget_type=\"heading.default\">\n\t\t\t\t<div class=\"elementor-widget-container\">\n\t\t\t\t\t<h2 class=\"elementor-heading-title elementor-size-default\">Processus guid\u00e9 et performant bas\u00e9 sur les donn\u00e9es du dossier Tribuna<\/h2>\t\t\t\t<\/div>\n\t\t\t\t<\/div>\n\t\t\t\t<div class=\"elementor-element elementor-element-962f7b9 elementor-widget elementor-widget-text-editor\" data-id=\"962f7b9\" data-element_type=\"widget\" data-e-type=\"widget\" data-widget_type=\"text-editor.default\">\n\t\t\t\t<div class=\"elementor-widget-container\">\n\t\t\t\t\t\t\t\t\t<p>Le processus commence et se termine au Tribuna Gestion d\u2019Affaires et peut \u00eatre interrompu aussi souvent que n\u00e9cessaire. Le travail principal d\u2019anonymisation est effectu\u00e9 par un Word AddIn, qui cr\u00e9e automatiquement une proposition d\u2019anonymisation sur la base des donn\u00e9es du dossier fournies. Les diff\u00e9rentes orthographes sont reconnues. Les mots fr\u00e9quents qui doivent \u00eatre automatiquement anonymis\u00e9s ind\u00e9pendamment du dossier peuvent \u00eatre stock\u00e9s dans Tribuna Gestion d\u2019affaires. Les suggestions automatiques peuvent \u00eatre r\u00e9vis\u00e9es et compl\u00e9t\u00e9es manuellement.<\/p>\n\t\t\t\t\t\t\t\t<\/div>\n\t\t\t\t<\/div>\n\t\t\t\t\t<\/div>\n\t\t<\/div>\n\t\t\t\t\t<\/div>\n\t\t<\/section>\n\t\t\t\t<section class=\"elementor-section elementor-top-section elementor-element elementor-element-e66ecf1 elementor-section-boxed elementor-section-height-default elementor-section-height-default elementor-invisible\" data-id=\"e66ecf1\" data-element_type=\"section\" data-e-type=\"section\" data-settings=\"{&quot;animation&quot;:&quot;fadeIn&quot;}\">\n\t\t\t\t\t\t<div class=\"elementor-container elementor-column-gap-default\">\n\t\t\t\t\t<div class=\"elementor-column elementor-col-100 elementor-top-column elementor-element elementor-element-a46d283\" data-id=\"a46d283\" data-element_type=\"column\" data-e-type=\"column\">\n\t\t\t<div class=\"elementor-widget-wrap elementor-element-populated\">\n\t\t\t\t\t\t<div class=\"elementor-element elementor-element-b85165f elementor-widget elementor-widget-heading\" data-id=\"b85165f\" data-element_type=\"widget\" data-e-type=\"widget\" data-widget_type=\"heading.default\">\n\t\t\t\t<div class=\"elementor-widget-container\">\n\t\t\t\t\t<h2 class=\"elementor-heading-title elementor-size-default\">Transfert s\u00e9curis\u00e9 pour la publication<\/h2>\t\t\t\t<\/div>\n\t\t\t\t<\/div>\n\t\t\t\t<div class=\"elementor-element elementor-element-157e221 elementor-widget elementor-widget-text-editor\" data-id=\"157e221\" data-element_type=\"widget\" data-e-type=\"widget\" data-widget_type=\"text-editor.default\">\n\t\t\t\t<div class=\"elementor-widget-container\">\n\t\t\t\t\t\t\t\t\t<p>Une fois l\u2019anonymisation termin\u00e9e, le nouveau document est enregistr\u00e9 dans Tribuna Gestion d\u2019affaires. L\u2019utilisateur confirme l\u2019ach\u00e8vement de l\u2019anonymisation et lib\u00e8re ainsi le document pour la publication. Bien entendu, l\u2019anonymisation dans Tribuna peut \u00e9galement \u00eatre utilis\u00e9e sans la solution de la publication (par exemple pour les tribunaux sp\u00e9ciaux).<\/p>\n\t\t\t\t\t\t\t\t<\/div>\n\t\t\t\t<\/div>\n\t\t\t\t\t<\/div>\n\t\t<\/div>\n\t\t\t\t\t<\/div>\n\t\t<\/section>\n\t\t\t\t<\/div>\n\t\t","protected":false},"excerpt":{"rendered":"<p>Tribuna Anonymisation Mettre fin aux longs processus manuels d\u2019anonymisation. Notre solution d\u2019anonymisation automatise votre travail et vous permet de travailler confortablement dans Microsoft Word. Copier la d\u00e9cision, rechercher et remplacer le nom et l\u2019adresse des parties concern\u00e9es, ainsi que sauvegarder le nouveau document \u2013 telles sont les t\u00e2ches de routine qui prennent beaucoup de temps [&hellip;]<\/p>\n","protected":false},"author":1,"featured_media":0,"parent":1888,"menu_order":0,"comment_status":"closed","ping_status":"closed","template":"elementor_header_footer","meta":{"_acf_changed":false,"inline_featured_image":false,"footnotes":""},"class_list":["post-1916","page","type-page","status-publish","hentry"],"acf":[],"_links":{"self":[{"href":"https:\/\/deltalogic.ch\/fr\/wp-json\/wp\/v2\/pages\/1916","targetHints":{"allow":["GET"]}}],"collection":[{"href":"https:\/\/deltalogic.ch\/fr\/wp-json\/wp\/v2\/pages"}],"about":[{"href":"https:\/\/deltalogic.ch\/fr\/wp-json\/wp\/v2\/types\/page"}],"author":[{"embeddable":true,"href":"https:\/\/deltalogic.ch\/fr\/wp-json\/wp\/v2\/users\/1"}],"replies":[{"embeddable":true,"href":"https:\/\/deltalogic.ch\/fr\/wp-json\/wp\/v2\/comments?post=1916"}],"version-history":[{"count":7,"href":"https:\/\/deltalogic.ch\/fr\/wp-json\/wp\/v2\/pages\/1916\/revisions"}],"predecessor-version":[{"id":3849,"href":"https:\/\/deltalogic.ch\/fr\/wp-json\/wp\/v2\/pages\/1916\/revisions\/3849"}],"up":[{"embeddable":true,"href":"https:\/\/deltalogic.ch\/fr\/wp-json\/wp\/v2\/pages\/1888"}],"wp:attachment":[{"href":"https:\/\/deltalogic.ch\/fr\/wp-json\/wp\/v2\/media?parent=1916"}],"curies":[{"name":"wp","href":"https:\/\/api.w.org\/{rel}","templated":true}]}}