{"id":1914,"date":"2021-04-25T22:55:01","date_gmt":"2021-04-25T21:55:01","guid":{"rendered":"https:\/\/dreamy-jennings.185-66-109-103.plesk.page.185-117-169-222.srv54.webpreview.ch\/solutions\/pleintexte-pleintexte-plus\/"},"modified":"2024-04-17T08:37:28","modified_gmt":"2024-04-17T07:37:28","slug":"pleintexte-pleintexte-plus","status":"publish","type":"page","link":"https:\/\/deltalogic.ch\/fr\/solutions\/pleintexte-pleintexte-plus\/","title":{"rendered":"Pleintexte &#038; Pleintexte Plus"},"content":{"rendered":"\t\t<div data-elementor-type=\"wp-page\" data-elementor-id=\"1914\" class=\"elementor elementor-1914 elementor-836\" data-elementor-post-type=\"page\">\n\t\t\t\t\t\t<section class=\"elementor-section elementor-top-section elementor-element elementor-element-2cef5a2e elementor-section-boxed elementor-section-height-default elementor-section-height-default elementor-invisible\" data-id=\"2cef5a2e\" data-element_type=\"section\" data-e-type=\"section\" data-settings=\"{&quot;background_background&quot;:&quot;classic&quot;,&quot;animation&quot;:&quot;fadeIn&quot;}\">\n\t\t\t\t\t\t<div class=\"elementor-container elementor-column-gap-default\">\n\t\t\t\t\t<div class=\"elementor-column elementor-col-100 elementor-top-column elementor-element elementor-element-2f85ea0f\" data-id=\"2f85ea0f\" data-element_type=\"column\" data-e-type=\"column\">\n\t\t\t<div class=\"elementor-widget-wrap elementor-element-populated\">\n\t\t\t\t\t\t<section class=\"elementor-section elementor-inner-section elementor-element elementor-element-1cfc6cc2 elementor-section-boxed elementor-section-height-default elementor-section-height-default\" data-id=\"1cfc6cc2\" data-element_type=\"section\" data-e-type=\"section\">\n\t\t\t\t\t\t<div class=\"elementor-container elementor-column-gap-default\">\n\t\t\t\t\t<div class=\"elementor-column elementor-col-100 elementor-inner-column elementor-element elementor-element-5ba2955d\" data-id=\"5ba2955d\" data-element_type=\"column\" data-e-type=\"column\">\n\t\t\t<div class=\"elementor-widget-wrap elementor-element-populated\">\n\t\t\t\t\t\t<div class=\"elementor-element elementor-element-310536d6 elementor-widget elementor-widget-heading\" data-id=\"310536d6\" data-element_type=\"widget\" data-e-type=\"widget\" data-widget_type=\"heading.default\">\n\t\t\t\t<div class=\"elementor-widget-container\">\n\t\t\t\t\t<h1 class=\"elementor-heading-title elementor-size-default\">Pleintexte &amp; Pleintexte Plus<\/h1>\t\t\t\t<\/div>\n\t\t\t\t<\/div>\n\t\t\t\t\t<\/div>\n\t\t<\/div>\n\t\t\t\t\t<\/div>\n\t\t<\/section>\n\t\t\t\t<section class=\"elementor-section elementor-inner-section elementor-element elementor-element-8000be7 elementor-section-boxed elementor-section-height-default elementor-section-height-default\" data-id=\"8000be7\" data-element_type=\"section\" data-e-type=\"section\">\n\t\t\t\t\t\t<div class=\"elementor-container elementor-column-gap-default\">\n\t\t\t\t\t<div class=\"elementor-column elementor-col-50 elementor-inner-column elementor-element elementor-element-6e0e9a4\" data-id=\"6e0e9a4\" data-element_type=\"column\" data-e-type=\"column\">\n\t\t\t<div class=\"elementor-widget-wrap elementor-element-populated\">\n\t\t\t\t\t\t<div class=\"elementor-element elementor-element-03a0cd8 elementor-widget elementor-widget-text-editor\" data-id=\"03a0cd8\" data-element_type=\"widget\" data-e-type=\"widget\" data-widget_type=\"text-editor.default\">\n\t\t\t\t<div class=\"elementor-widget-container\">\n\t\t\t\t\t\t\t\t\t<p>Nos moteurs de recherche juridique sont de v\u00e9ritables b\u00eates de somme. Ils effectuent des recherches dans les bases de donn\u00e9es de contr\u00f4le des entreprises et les bases de donn\u00e9es externes et fournissent rapidement des r\u00e9sultats pr\u00e9cis pour votre travail quotidien.<\/p>\t\t\t\t\t\t\t\t<\/div>\n\t\t\t\t<\/div>\n\t\t\t\t\t<\/div>\n\t\t<\/div>\n\t\t\t\t<div class=\"elementor-column elementor-col-50 elementor-inner-column elementor-element elementor-element-b7c82a3\" data-id=\"b7c82a3\" data-element_type=\"column\" data-e-type=\"column\">\n\t\t\t<div class=\"elementor-widget-wrap\">\n\t\t\t\t\t\t\t<\/div>\n\t\t<\/div>\n\t\t\t\t\t<\/div>\n\t\t<\/section>\n\t\t\t\t\t<\/div>\n\t\t<\/div>\n\t\t\t\t\t<\/div>\n\t\t<\/section>\n\t\t\t\t<section class=\"elementor-section elementor-top-section elementor-element elementor-element-7a41705 elementor-section-boxed elementor-section-height-default elementor-section-height-default elementor-invisible\" data-id=\"7a41705\" data-element_type=\"section\" data-e-type=\"section\" data-settings=\"{&quot;animation&quot;:&quot;fadeIn&quot;}\">\n\t\t\t\t\t\t<div class=\"elementor-container elementor-column-gap-default\">\n\t\t\t\t\t<div class=\"elementor-column elementor-col-100 elementor-top-column elementor-element elementor-element-50567fa\" data-id=\"50567fa\" data-element_type=\"column\" data-e-type=\"column\">\n\t\t\t<div class=\"elementor-widget-wrap elementor-element-populated\">\n\t\t\t\t\t\t<div class=\"elementor-element elementor-element-89b674e elementor-widget elementor-widget-heading\" data-id=\"89b674e\" data-element_type=\"widget\" data-e-type=\"widget\" data-widget_type=\"heading.default\">\n\t\t\t\t<div class=\"elementor-widget-container\">\n\t\t\t\t\t<h2 class=\"elementor-heading-title elementor-size-default\">Tribuna Plein Texte<\/h2>\t\t\t\t<\/div>\n\t\t\t\t<\/div>\n\t\t\t\t<div class=\"elementor-element elementor-element-ed89ba4 elementor-widget elementor-widget-text-editor\" data-id=\"ed89ba4\" data-element_type=\"widget\" data-e-type=\"widget\" data-widget_type=\"text-editor.default\">\n\t\t\t\t<div class=\"elementor-widget-container\">\n\t\t\t\t\t\t\t\t\t<p>Recherche juridique dans les fichiers \u00e9lectroniques<\/p>\n\t\t\t\t\t\t\t\t<\/div>\n\t\t\t\t<\/div>\n\t\t\t\t<div class=\"elementor-element elementor-element-4e6bdd9 elementor-widget elementor-widget-text-editor\" data-id=\"4e6bdd9\" data-element_type=\"widget\" data-e-type=\"widget\" data-widget_type=\"text-editor.default\">\n\t\t\t\t<div class=\"elementor-widget-container\">\n\t\t\t\t\t\t\t\t\t<p>La navigation facile et rapide dans les dossiers est un grand atout des dossiers papier. Pour rendre \u00e9galement ce point fort possible dans les fichiers \u00e9lectroniques, un visualiseur rapide est int\u00e9gr\u00e9 dans Tribuna Plein Texte. Avec la visionneuse, les documents sont affich\u00e9s fid\u00e8lement \u00e0 l\u2019original.<\/p>\n<p>Contrairement aux dossiers papier, les dossiers \u00e9lectroniques offrent \u00e9galement la possibilit\u00e9 de rechercher des passages de texte sp\u00e9cifiques. En particulier dans les dossiers comportant de nombreux documents, la recherche en Plein Texte combin\u00e9e \u00e0 la navigation rapide dans les passages trouv\u00e9s offre un gain de temps consid\u00e9rable.<\/p>\n\t\t\t\t\t\t\t\t<\/div>\n\t\t\t\t<\/div>\n\t\t\t\t\t<\/div>\n\t\t<\/div>\n\t\t\t\t\t<\/div>\n\t\t<\/section>\n\t\t\t\t<section class=\"elementor-section elementor-top-section elementor-element elementor-element-5a4889f elementor-section-boxed elementor-section-height-default elementor-section-height-default elementor-invisible\" data-id=\"5a4889f\" data-element_type=\"section\" data-e-type=\"section\" data-settings=\"{&quot;animation&quot;:&quot;fadeIn&quot;}\">\n\t\t\t\t\t\t<div class=\"elementor-container elementor-column-gap-default\">\n\t\t\t\t\t<div class=\"elementor-column elementor-col-100 elementor-top-column elementor-element elementor-element-23aacc4\" data-id=\"23aacc4\" data-element_type=\"column\" data-e-type=\"column\">\n\t\t\t<div class=\"elementor-widget-wrap elementor-element-populated\">\n\t\t\t\t\t\t<div class=\"elementor-element elementor-element-cbf8bf4 elementor-widget elementor-widget-heading\" data-id=\"cbf8bf4\" data-element_type=\"widget\" data-e-type=\"widget\" data-widget_type=\"heading.default\">\n\t\t\t\t<div class=\"elementor-widget-container\">\n\t\t\t\t\t<h2 class=\"elementor-heading-title elementor-size-default\">La visionneuse rapide est cruciale pour l\u2019\u00e9tude des fichiers \u00e9lectroniques<\/h2>\t\t\t\t<\/div>\n\t\t\t\t<\/div>\n\t\t\t\t<div class=\"elementor-element elementor-element-962f7b9 elementor-widget elementor-widget-text-editor\" data-id=\"962f7b9\" data-element_type=\"widget\" data-e-type=\"widget\" data-widget_type=\"text-editor.default\">\n\t\t\t\t<div class=\"elementor-widget-container\">\n\t\t\t\t\t\t\t\t\t<p>La visionneuse rapide est cruciale pour l\u2019\u00e9tude des fichiers<\/p>\n<ul>\n<li>Il doit \u00eatre possible de naviguer rapidement, quels que soient les formats de fichiers.<\/li>\n<li>Les documents doivent \u00eatre pr\u00e9sent\u00e9s fid\u00e8lement \u00e0 l\u2019original.<\/li>\n<li>Les textes des documents doivent \u00eatre lisibles par machine et indexables.<\/li>\n<\/ul>\n<p><span style=\"font-size: 1rem;\"><br><\/span><\/p><p><span style=\"font-size: 1rem;\">G\u00e9n\u00e9ralement, les fichiers sont livr\u00e9s dans des formats tr\u00e8s diff\u00e9rents, c\u2019est-\u00e0-dire diff\u00e9rents formats pour les images, les textes, les formulaires et les tableaux ainsi que pour les courriers \u00e9lectroniques. Le visionneur int\u00e9gr\u00e9 dans Tribuna Plein Texte reconna\u00eet plus de 500 formats et est tr\u00e8s puissant. Pour la recherche en Plein Texte, il permet une gestion pratique des r\u00e9f\u00e9rences avec marquage des r\u00e9f\u00e9rences et sauts entre les r\u00e9f\u00e9rences. Bien entendu, la recherche en Plein Texte peut \u00eatre combin\u00e9e avec les donn\u00e9es de Tribuna. Le module Tribuna Plein Texte est inclus dans le champ d\u2019application de Tribuna Plein Texte Plus.<\/span><br><\/p>\t\t\t\t\t\t\t\t<\/div>\n\t\t\t\t<\/div>\n\t\t\t\t\t<\/div>\n\t\t<\/div>\n\t\t\t\t\t<\/div>\n\t\t<\/section>\n\t\t\t\t<section class=\"elementor-section elementor-top-section elementor-element elementor-element-b5e51f9 elementor-section-boxed elementor-section-height-default elementor-section-height-default elementor-invisible\" data-id=\"b5e51f9\" data-element_type=\"section\" data-e-type=\"section\" data-settings=\"{&quot;animation&quot;:&quot;fadeIn&quot;}\">\n\t\t\t\t\t\t<div class=\"elementor-container elementor-column-gap-default\">\n\t\t\t\t\t<div class=\"elementor-column elementor-col-100 elementor-top-column elementor-element elementor-element-d5dcb5f\" data-id=\"d5dcb5f\" data-element_type=\"column\" data-e-type=\"column\">\n\t\t\t<div class=\"elementor-widget-wrap elementor-element-populated\">\n\t\t\t\t\t\t<div class=\"elementor-element elementor-element-fc71f13 elementor-widget elementor-widget-heading\" data-id=\"fc71f13\" data-element_type=\"widget\" data-e-type=\"widget\" data-widget_type=\"heading.default\">\n\t\t\t\t<div class=\"elementor-widget-container\">\n\t\t\t\t\t<h2 class=\"elementor-heading-title elementor-size-default\">Tribuna Plein Texte Plus<\/h2>\t\t\t\t<\/div>\n\t\t\t\t<\/div>\n\t\t\t\t<div class=\"elementor-element elementor-element-d0e11df elementor-widget elementor-widget-text-editor\" data-id=\"d0e11df\" data-element_type=\"widget\" data-e-type=\"widget\" data-widget_type=\"text-editor.default\">\n\t\t\t\t<div class=\"elementor-widget-container\">\n\t\t\t\t\t\t\t\t\t<p>Recherche juridique des normes cit\u00e9es<\/p>\n\t\t\t\t\t\t\t\t<\/div>\n\t\t\t\t<\/div>\n\t\t\t\t<div class=\"elementor-element elementor-element-3530523 elementor-widget elementor-widget-text-editor\" data-id=\"3530523\" data-element_type=\"widget\" data-e-type=\"widget\" data-widget_type=\"text-editor.default\">\n\t\t\t\t<div class=\"elementor-widget-container\">\n\t\t\t\t\t\t\t\t\t<p>La possibilit\u00e9 de rechercher les normes cit\u00e9es de mani\u00e8re simple facilite le travail de r\u00e9daction des arr\u00eats. L\u2019indexation des principales d\u00e9cisions entre les instances simplifie la coh\u00e9rence de la jurisprudence. Tribuna Plein Texte Plus offre une recherche cibl\u00e9e des normes cit\u00e9es dans les documents de Tribuna et d\u2019autres collections de documents. En outre, les normes et d\u00e9cisions cit\u00e9es sont \u00e9num\u00e9r\u00e9es pour le document. Les passages du texte sont accessibles en cliquant.<\/p>\n\t\t\t\t\t\t\t\t<\/div>\n\t\t\t\t<\/div>\n\t\t\t\t\t<\/div>\n\t\t<\/div>\n\t\t\t\t\t<\/div>\n\t\t<\/section>\n\t\t\t\t<section class=\"elementor-section elementor-top-section elementor-element elementor-element-ebdd7a0 elementor-section-boxed elementor-section-height-default elementor-section-height-default elementor-invisible\" data-id=\"ebdd7a0\" data-element_type=\"section\" data-e-type=\"section\" data-settings=\"{&quot;animation&quot;:&quot;fadeIn&quot;}\">\n\t\t\t\t\t\t<div class=\"elementor-container elementor-column-gap-default\">\n\t\t\t\t\t<div class=\"elementor-column elementor-col-100 elementor-top-column elementor-element elementor-element-3715ec9\" data-id=\"3715ec9\" data-element_type=\"column\" data-e-type=\"column\">\n\t\t\t<div class=\"elementor-widget-wrap elementor-element-populated\">\n\t\t\t\t\t\t<div class=\"elementor-element elementor-element-b4e506d elementor-widget elementor-widget-heading\" data-id=\"b4e506d\" data-element_type=\"widget\" data-e-type=\"widget\" data-widget_type=\"heading.default\">\n\t\t\t\t<div class=\"elementor-widget-container\">\n\t\t\t\t\t<h2 class=\"elementor-heading-title elementor-size-default\">Recherche classique en Plein Texte<\/h2>\t\t\t\t<\/div>\n\t\t\t\t<\/div>\n\t\t\t\t<div class=\"elementor-element elementor-element-dd3b7eb elementor-widget elementor-widget-text-editor\" data-id=\"dd3b7eb\" data-element_type=\"widget\" data-e-type=\"widget\" data-widget_type=\"text-editor.default\">\n\t\t\t\t<div class=\"elementor-widget-container\">\n\t\t\t\t\t\t\t\t\t<p>Tribuna Plein Texte Plus offre une recherche compl\u00e8te en Plein Texte avec des op\u00e9rateurs tels que AND, OR, WILDCARD, parenth\u00e8ses et proximit\u00e9 en combinaison avec les donn\u00e9es de Tribuna Gestion d\u2019affaires. Cette puissante recherche en\u00a0 Plein Texte est \u00e9galement utilis\u00e9e dans d\u2019autres modules de Tribuna tels que\u00a0<strong><a href=\"http:\/\/josephm48.sg-host.com\/fre\/publication\/\">notre solution de publications.<\/a><\/strong><\/p>\n\t\t\t\t\t\t\t\t<\/div>\n\t\t\t\t<\/div>\n\t\t\t\t\t<\/div>\n\t\t<\/div>\n\t\t\t\t\t<\/div>\n\t\t<\/section>\n\t\t\t\t<section class=\"elementor-section elementor-top-section elementor-element elementor-element-d50236f elementor-section-boxed elementor-section-height-default elementor-section-height-default elementor-invisible\" data-id=\"d50236f\" data-element_type=\"section\" data-e-type=\"section\" data-settings=\"{&quot;animation&quot;:&quot;fadeIn&quot;}\">\n\t\t\t\t\t\t<div class=\"elementor-container elementor-column-gap-default\">\n\t\t\t\t\t<div class=\"elementor-column elementor-col-100 elementor-top-column elementor-element elementor-element-c11fd25\" data-id=\"c11fd25\" data-element_type=\"column\" data-e-type=\"column\">\n\t\t\t<div class=\"elementor-widget-wrap elementor-element-populated\">\n\t\t\t\t\t\t<div class=\"elementor-element elementor-element-26aed70 elementor-widget elementor-widget-heading\" data-id=\"26aed70\" data-element_type=\"widget\" data-e-type=\"widget\" data-widget_type=\"heading.default\">\n\t\t\t\t<div class=\"elementor-widget-container\">\n\t\t\t\t\t<h2 class=\"elementor-heading-title elementor-size-default\">Rechercher la derni\u00e8re jurisprudence relative \u00e0 une norme<\/h2>\t\t\t\t<\/div>\n\t\t\t\t<\/div>\n\t\t\t\t<div class=\"elementor-element elementor-element-92bbe8e elementor-widget elementor-widget-text-editor\" data-id=\"92bbe8e\" data-element_type=\"widget\" data-e-type=\"widget\" data-widget_type=\"text-editor.default\">\n\t\t\t\t<div class=\"elementor-widget-container\">\n\t\t\t\t\t\t\t\t\t<p>Tribuna Plein Texte Plus offre une recherche cibl\u00e9e des normes reconnues et guide infailliblement l\u2019utilisateur vers les passages de texte trouv\u00e9s. La liste des normes et d\u00e9cisions reconnues dans le document fournit une aide suppl\u00e9mentaire.<\/p>\n\t\t\t\t\t\t\t\t<\/div>\n\t\t\t\t<\/div>\n\t\t\t\t\t<\/div>\n\t\t<\/div>\n\t\t\t\t\t<\/div>\n\t\t<\/section>\n\t\t\t\t<section class=\"elementor-section elementor-top-section elementor-element elementor-element-51a3116 elementor-section-boxed elementor-section-height-default elementor-section-height-default elementor-invisible\" data-id=\"51a3116\" data-element_type=\"section\" data-e-type=\"section\" data-settings=\"{&quot;animation&quot;:&quot;fadeIn&quot;}\">\n\t\t\t\t\t\t<div class=\"elementor-container elementor-column-gap-default\">\n\t\t\t\t\t<div class=\"elementor-column elementor-col-100 elementor-top-column elementor-element elementor-element-f5d4bb5\" data-id=\"f5d4bb5\" data-element_type=\"column\" data-e-type=\"column\">\n\t\t\t<div class=\"elementor-widget-wrap elementor-element-populated\">\n\t\t\t\t\t\t<div class=\"elementor-element elementor-element-e76fa28 elementor-widget elementor-widget-heading\" data-id=\"e76fa28\" data-element_type=\"widget\" data-e-type=\"widget\" data-widget_type=\"heading.default\">\n\t\t\t\t<div class=\"elementor-widget-container\">\n\t\t\t\t\t<h2 class=\"elementor-heading-title elementor-size-default\">Pourquoi trouve-t-on des normes avec des citations diff\u00e9rentes<\/h2>\t\t\t\t<\/div>\n\t\t\t\t<\/div>\n\t\t\t\t<div class=\"elementor-element elementor-element-2d18ca7 elementor-widget elementor-widget-text-editor\" data-id=\"2d18ca7\" data-element_type=\"widget\" data-e-type=\"widget\" data-widget_type=\"text-editor.default\">\n\t\t\t\t<div class=\"elementor-widget-container\">\n\t\t\t\t\t\t\t\t\t<p>La base du confort de recherche suppl\u00e9mentaire est la reconnaissance intelligente des normes et d\u00e9cisions cit\u00e9es. Les diff\u00e9rents modes de citation sont \u00e9galement pris en compte.<\/p>\n<p>D\u2019autres collections de documents en dehors de Tribuna peuvent \u00e9galement \u00eatre index\u00e9es, recherch\u00e9es et affich\u00e9es dans une liste commune de r\u00e9sultats.<\/p>\n\t\t\t\t\t\t\t\t<\/div>\n\t\t\t\t<\/div>\n\t\t\t\t\t<\/div>\n\t\t<\/div>\n\t\t\t\t\t<\/div>\n\t\t<\/section>\n\t\t\t\t<\/div>\n\t\t","protected":false},"excerpt":{"rendered":"<p>Pleintexte &#038; Pleintexte Plus Nos moteurs de recherche juridique sont de v\u00e9ritables b\u00eates de somme. Ils effectuent des recherches dans les bases de donn\u00e9es de contr\u00f4le des entreprises et les bases de donn\u00e9es externes et fournissent rapidement des r\u00e9sultats pr\u00e9cis pour votre travail quotidien. Tribuna Plein Texte Recherche juridique dans les fichiers \u00e9lectroniques La navigation [&hellip;]<\/p>\n","protected":false},"author":1,"featured_media":0,"parent":1888,"menu_order":0,"comment_status":"closed","ping_status":"closed","template":"elementor_header_footer","meta":{"_acf_changed":false,"inline_featured_image":false,"footnotes":""},"class_list":["post-1914","page","type-page","status-publish","hentry"],"acf":[],"_links":{"self":[{"href":"https:\/\/deltalogic.ch\/fr\/wp-json\/wp\/v2\/pages\/1914","targetHints":{"allow":["GET"]}}],"collection":[{"href":"https:\/\/deltalogic.ch\/fr\/wp-json\/wp\/v2\/pages"}],"about":[{"href":"https:\/\/deltalogic.ch\/fr\/wp-json\/wp\/v2\/types\/page"}],"author":[{"embeddable":true,"href":"https:\/\/deltalogic.ch\/fr\/wp-json\/wp\/v2\/users\/1"}],"replies":[{"embeddable":true,"href":"https:\/\/deltalogic.ch\/fr\/wp-json\/wp\/v2\/comments?post=1914"}],"version-history":[{"count":10,"href":"https:\/\/deltalogic.ch\/fr\/wp-json\/wp\/v2\/pages\/1914\/revisions"}],"predecessor-version":[{"id":3885,"href":"https:\/\/deltalogic.ch\/fr\/wp-json\/wp\/v2\/pages\/1914\/revisions\/3885"}],"up":[{"embeddable":true,"href":"https:\/\/deltalogic.ch\/fr\/wp-json\/wp\/v2\/pages\/1888"}],"wp:attachment":[{"href":"https:\/\/deltalogic.ch\/fr\/wp-json\/wp\/v2\/media?parent=1914"}],"curies":[{"name":"wp","href":"https:\/\/api.w.org\/{rel}","templated":true}]}}