{"id":1870,"date":"2021-04-25T22:03:34","date_gmt":"2021-04-25T21:03:34","guid":{"rendered":"https:\/\/dreamy-jennings.185-66-109-103.plesk.page.185-117-169-222.srv54.webpreview.ch\/a-propos-de-nous\/a-propos-de-nous\/"},"modified":"2024-12-01T14:57:52","modified_gmt":"2024-12-01T13:57:52","slug":"lequipe-de-direction","status":"publish","type":"page","link":"https:\/\/deltalogic.ch\/fr\/a-propos-de-nous\/lequipe-de-direction\/","title":{"rendered":"L\u2019\u00e9quipe de direction"},"content":{"rendered":"\t\t<div data-elementor-type=\"wp-page\" data-elementor-id=\"1870\" class=\"elementor elementor-1870 elementor-293\" data-elementor-post-type=\"page\">\n\t\t\t\t\t\t<section class=\"elementor-section elementor-top-section elementor-element elementor-element-89c5ad5 elementor-section-boxed elementor-section-height-default elementor-section-height-default elementor-invisible\" data-id=\"89c5ad5\" data-element_type=\"section\" data-e-type=\"section\" data-settings=\"{&quot;animation&quot;:&quot;fadeIn&quot;}\">\n\t\t\t\t\t\t<div class=\"elementor-container elementor-column-gap-default\">\n\t\t\t\t\t<div class=\"elementor-column elementor-col-100 elementor-top-column elementor-element elementor-element-9210216\" data-id=\"9210216\" data-element_type=\"column\" data-e-type=\"column\">\n\t\t\t<div class=\"elementor-widget-wrap elementor-element-populated\">\n\t\t\t\t\t\t<div class=\"elementor-element elementor-element-e74edb3 elementor-widget elementor-widget-heading\" data-id=\"e74edb3\" data-element_type=\"widget\" data-e-type=\"widget\" data-widget_type=\"heading.default\">\n\t\t\t\t<div class=\"elementor-widget-container\">\n\t\t\t\t\t<h1 class=\"elementor-heading-title elementor-size-default\">L\u2019\u00e9quipe de direction de Delta Logic<\/h1>\t\t\t\t<\/div>\n\t\t\t\t<\/div>\n\t\t\t\t<div class=\"elementor-element elementor-element-2bd804d elementor-widget elementor-widget-spacer\" data-id=\"2bd804d\" data-element_type=\"widget\" data-e-type=\"widget\" data-widget_type=\"spacer.default\">\n\t\t\t\t<div class=\"elementor-widget-container\">\n\t\t\t\t\t\t\t<div class=\"elementor-spacer\">\n\t\t\t<div class=\"elementor-spacer-inner\"><\/div>\n\t\t<\/div>\n\t\t\t\t\t\t<\/div>\n\t\t\t\t<\/div>\n\t\t\t\t\t<\/div>\n\t\t<\/div>\n\t\t\t\t\t<\/div>\n\t\t<\/section>\n\t\t\t\t<section class=\"elementor-section elementor-top-section elementor-element elementor-element-5725060 elementor-section-boxed elementor-section-height-default elementor-section-height-default\" data-id=\"5725060\" data-element_type=\"section\" data-e-type=\"section\">\n\t\t\t\t\t\t<div class=\"elementor-container elementor-column-gap-default\">\n\t\t\t\t\t<div class=\"elementor-column elementor-col-33 elementor-top-column elementor-element elementor-element-64e3196\" data-id=\"64e3196\" data-element_type=\"column\" data-e-type=\"column\">\n\t\t\t<div class=\"elementor-widget-wrap elementor-element-populated\">\n\t\t\t\t\t\t<div class=\"elementor-element elementor-element-6106fc8 elementor-flip-box--effect-slide elementor-flip-box--direction-up elementor-invisible elementor-widget elementor-widget-flip-box\" data-id=\"6106fc8\" data-element_type=\"widget\" data-e-type=\"widget\" data-settings=\"{&quot;_animation&quot;:&quot;fadeIn&quot;}\" data-widget_type=\"flip-box.default\">\n\t\t\t\t<div class=\"elementor-widget-container\">\n\t\t\t\t\t\t\t<div class=\"elementor-flip-box\" tabindex=\"0\">\n\t\t\t<div class=\"elementor-flip-box__layer elementor-flip-box__front\">\n\t\t\t\t<div class=\"elementor-flip-box__layer__overlay\">\n\t\t\t\t\t<div class=\"elementor-flip-box__layer__inner\">\n\t\t\t\t\t\t\t\t\t\t\t\t\t<div class=\"elementor-icon-wrapper elementor-view-default\">\n\t\t\t\t\t\t\t\t<div class=\"elementor-icon\">\n\t\t\t\t\t\t\t\t\t\t\t\t\t\t\t\t\t<\/div>\n\t\t\t\t\t\t\t<\/div>\n\t\t\t\t\t\t\n\t\t\t\t\t\t\t\t\t\t\t\t\t<h3 class=\"elementor-flip-box__layer__title\">\n\t\t\t\t\t\t\t\tFlavio Weber<hr style=\"height:1px;border:none;color:#FFF;background-color:#FFF;margin-top:1em\">\t\t\t\t\t\t\t<\/h3>\n\t\t\t\t\t\t\n\t\t\t\t\t\t\t\t\t\t\t\t\t<div class=\"elementor-flip-box__layer__description\">\n\t\t\t\t\t\t\t\t<h6 style=\"margin-top:-10px;color:white\">Directeur g\u00e9n\u00e9ral<\/h6>\t\t\t\t\t\t\t<\/div>\n\t\t\t\t\t\t\t\t\t\t\t<\/div>\n\t\t\t\t<\/div>\n\t\t\t<\/div>\n\t\t\t<div class=\"elementor-flip-box__layer elementor-flip-box__back\">\n\t\t\t<div class=\"elementor-flip-box__layer__overlay\">\n\t\t\t\t<div class=\"elementor-flip-box__layer__inner\">\n\t\t\t\t\t\t\t\t\t\t\t<h3 class=\"elementor-flip-box__layer__title\">\n\t\t\t\t\t\t\tFlavio Weber<hr style=\"height:1px;border:none;color:#FFF;background-color:#FFF;margin-top:1em\">\t\t\t\t\t\t<\/h3>\n\t\t\t\t\t\n\t\t\t\t\t\t\t\t\t\t\t<div class=\"elementor-flip-box__layer__description\">\n\t\t\t\t\t\t\t<h6 style=\"margin-top:-10px;color:white\">Directeur g\u00e9n\u00e9ral<\/h6>\n<p>Le directeur g\u00e9n\u00e9ral porte la responsabilit\u00e9 pour l'ensemble de l'entreprise Delta Logic SA. Assurer une orchestration harmonieuse des d\u00e9partements ainsi qu'une communication transparente entre collaborateurs internes et clients externes sont au centre de ses pr\u00e9occupations. Gr\u00e2ce \u00e0 sa longue exp\u00e9rience en mati\u00e8re de leadership, marketing et vente, il appr\u00e9cie le contact quotidien avec les gens et aborde chaque d\u00e9fi avec \u00e9nergie, cr\u00e9ativit\u00e9 et plaisir.<\/p>\n\n<p>Objectifs\/principes : Atteindre ensemble un succ\u00e8s p\u00e9renne gr\u00e2ce \u00e0 la collaboration, la confiance et l'estime mutuelle, le tout sans jamais perdre le plaisir de travailler.<\/p>\n\n<p>Le saviez-vous ? Flavio adore relever toutes sortes de d\u00e9fis sportifs.<\/p>\t\t\t\t\t\t<\/div>\n\t\t\t\t\t\n\t\t\t\t\t\t\t\t<\/div>\n\t\t<\/div>\n\t\t<\/div>\n\t\t<\/div>\n\t\t\t\t\t\t<\/div>\n\t\t\t\t<\/div>\n\t\t\t\t\t<\/div>\n\t\t<\/div>\n\t\t\t\t<div class=\"elementor-column elementor-col-33 elementor-top-column elementor-element elementor-element-12dd69a\" data-id=\"12dd69a\" data-element_type=\"column\" data-e-type=\"column\">\n\t\t\t<div class=\"elementor-widget-wrap elementor-element-populated\">\n\t\t\t\t\t\t<div class=\"elementor-element elementor-element-d228ca2 elementor-flip-box--effect-slide elementor-flip-box--direction-up elementor-invisible elementor-widget elementor-widget-flip-box\" data-id=\"d228ca2\" data-element_type=\"widget\" data-e-type=\"widget\" data-settings=\"{&quot;_animation&quot;:&quot;fadeIn&quot;}\" data-widget_type=\"flip-box.default\">\n\t\t\t\t<div class=\"elementor-widget-container\">\n\t\t\t\t\t\t\t<div class=\"elementor-flip-box\" tabindex=\"0\">\n\t\t\t<div class=\"elementor-flip-box__layer elementor-flip-box__front\">\n\t\t\t\t<div class=\"elementor-flip-box__layer__overlay\">\n\t\t\t\t\t<div class=\"elementor-flip-box__layer__inner\">\n\t\t\t\t\t\t\t\t\t\t\t\t\t<div class=\"elementor-icon-wrapper elementor-view-default\">\n\t\t\t\t\t\t\t\t<div class=\"elementor-icon\">\n\t\t\t\t\t\t\t\t\t\t\t\t\t\t\t\t\t<\/div>\n\t\t\t\t\t\t\t<\/div>\n\t\t\t\t\t\t\n\t\t\t\t\t\t\t\t\t\t\t\t\t<h3 class=\"elementor-flip-box__layer__title\">\n\t\t\t\t\t\t\t\tFabian Steffen<hr style=\"height:1px;border:none;color:#FFF;background-color:#FFF;margin-top:1em\">\t\t\t\t\t\t\t<\/h3>\n\t\t\t\t\t\t\n\t\t\t\t\t\t\t\t\t\t\t\t\t<div class=\"elementor-flip-box__layer__description\">\n\t\t\t\t\t\t\t\t<h6 style=\"margin-top:-10px;color:white\">Directeur des op\u00e9rations<\/h6>\t\t\t\t\t\t\t<\/div>\n\t\t\t\t\t\t\t\t\t\t\t<\/div>\n\t\t\t\t<\/div>\n\t\t\t<\/div>\n\t\t\t<div class=\"elementor-flip-box__layer elementor-flip-box__back\">\n\t\t\t<div class=\"elementor-flip-box__layer__overlay\">\n\t\t\t\t<div class=\"elementor-flip-box__layer__inner\">\n\t\t\t\t\t\t\t\t\t\t\t<h3 class=\"elementor-flip-box__layer__title\">\n\t\t\t\t\t\t\tFabian Steffen<hr style=\"height:1px;border:none;color:#FFF;background-color:#FFF;margin-top:1em\">\t\t\t\t\t\t<\/h3>\n\t\t\t\t\t\n\t\t\t\t\t\t\t\t\t\t\t<div class=\"elementor-flip-box__layer__description\">\n\t\t\t\t\t\t\t<h6 style=\"margin-top:-10px;color:white\">Directeur des op\u00e9rations<\/h6>\n<p>En tant que directeur des op\u00e9rations de Delta Logic AG, il rassemble les diff\u00e9rents d\u00e9partements et veille au bon fonctionnement de l'entreprise. Fort de sa longue exp\u00e9rience en tant que responsable de la R&amp;D, il garantit le d\u00e9veloppement continu, l'introduction, l'exploitation et la maintenance de la solution logicielle Tribuna. \u00c9tant donn\u00e9 que l'architecture logicielle n'est pas seulement son m\u00e9tier mais aussi sa passion, il assure, avec son \u00e9quipe, qu'elle \u00e9volue toujours dans la bonne direction sur le plan technologique.<\/p>\n\n<p>Objectifs\/principes : Avec la meilleure \u00e9quipe, nous atteignons chaque objectif, et si nous prenons \u00e9galement du plaisir, c'est notre plus grand succ\u00e8s.<\/p>\n\n<p>Le saviez-vous ? En hiver, Fabian est souvent sur les pistes de ski avec les skis qu'il a fabriqu\u00e9s lui-m\u00eame.<\/p>\t\t\t\t\t\t<\/div>\n\t\t\t\t\t\n\t\t\t\t\t\t\t\t<\/div>\n\t\t<\/div>\n\t\t<\/div>\n\t\t<\/div>\n\t\t\t\t\t\t<\/div>\n\t\t\t\t<\/div>\n\t\t\t\t\t<\/div>\n\t\t<\/div>\n\t\t\t\t<div class=\"elementor-column elementor-col-33 elementor-top-column elementor-element elementor-element-967eb6e\" data-id=\"967eb6e\" data-element_type=\"column\" data-e-type=\"column\">\n\t\t\t<div class=\"elementor-widget-wrap elementor-element-populated\">\n\t\t\t\t\t\t<div class=\"elementor-element elementor-element-135b35d elementor-flip-box--effect-slide elementor-flip-box--direction-up elementor-invisible elementor-widget elementor-widget-flip-box\" data-id=\"135b35d\" data-element_type=\"widget\" data-e-type=\"widget\" data-settings=\"{&quot;_animation&quot;:&quot;fadeIn&quot;}\" data-widget_type=\"flip-box.default\">\n\t\t\t\t<div class=\"elementor-widget-container\">\n\t\t\t\t\t\t\t<div class=\"elementor-flip-box\" tabindex=\"0\">\n\t\t\t<div class=\"elementor-flip-box__layer elementor-flip-box__front\">\n\t\t\t\t<div class=\"elementor-flip-box__layer__overlay\">\n\t\t\t\t\t<div class=\"elementor-flip-box__layer__inner\">\n\t\t\t\t\t\t\t\t\t\t\t\t\t<div class=\"elementor-icon-wrapper elementor-view-default\">\n\t\t\t\t\t\t\t\t<div class=\"elementor-icon\">\n\t\t\t\t\t\t\t\t\t\t\t\t\t\t\t\t\t<\/div>\n\t\t\t\t\t\t\t<\/div>\n\t\t\t\t\t\t\n\t\t\t\t\t\t\t\t\t\t\t\t\t<h3 class=\"elementor-flip-box__layer__title\">\n\t\t\t\t\t\t\t\tIvan Peter<hr style=\"height:1px;border:none;color:#FFF;background-color:#FFF;margin-top:1em\">\t\t\t\t\t\t\t<\/h3>\n\t\t\t\t\t\t\n\t\t\t\t\t\t\t\t\t\t\t\t\t<div class=\"elementor-flip-box__layer__description\">\n\t\t\t\t\t\t\t\t<h6 style=\"margin-top:-10px;color:white\">Chef de projets<\/h6>\t\t\t\t\t\t\t<\/div>\n\t\t\t\t\t\t\t\t\t\t\t<\/div>\n\t\t\t\t<\/div>\n\t\t\t<\/div>\n\t\t\t<div class=\"elementor-flip-box__layer elementor-flip-box__back\">\n\t\t\t<div class=\"elementor-flip-box__layer__overlay\">\n\t\t\t\t<div class=\"elementor-flip-box__layer__inner\">\n\t\t\t\t\t\t\t\t\t\t\t<h3 class=\"elementor-flip-box__layer__title\">\n\t\t\t\t\t\t\tIvan Peter<hr style=\"height:1px;border:none;color:#FFF;background-color:#FFF;margin-top:1em\">\t\t\t\t\t\t<\/h3>\n\t\t\t\t\t\n\t\t\t\t\t\t\t\t\t\t\t<div class=\"elementor-flip-box__layer__description\">\n\t\t\t\t\t\t\t<h6 style=\"margin-top:-10px;color:white\">Chef de projets<\/h6>\n<p>En tant que chef de projet, il assure leur mise en \u0153uvre selon le r\u00e9sultat d\u00e9fini et dans le respect du budget et des d\u00e9lais convenus. Il dispose d'une longue exp\u00e9rience professionnelle et de responsabilit\u00e9 de produits dans le d\u00e9veloppement de logiciels ainsi que de solides connaissances en gestion de produits et de projets.<\/p>\n\n<p>Objectifs\/principes : Ton succ\u00e8s d\u00e9pend de tes efforts.<\/p>\n\n<p>Le saviez-vous ? Ivan est un joueur de hockey sur glace passionn\u00e9. Se d\u00e9penser \u00e0 100% et en profiter \u00e0 chaque minute est un grand plaisir.<\/p>\t\t\t\t\t\t<\/div>\n\t\t\t\t\t\n\t\t\t\t\t\t\t\t<\/div>\n\t\t<\/div>\n\t\t<\/div>\n\t\t<\/div>\n\t\t\t\t\t\t<\/div>\n\t\t\t\t<\/div>\n\t\t\t\t\t<\/div>\n\t\t<\/div>\n\t\t\t\t\t<\/div>\n\t\t<\/section>\n\t\t\t\t<section class=\"elementor-section elementor-top-section elementor-element elementor-element-6307c4a elementor-section-boxed elementor-section-height-default elementor-section-height-default\" data-id=\"6307c4a\" data-element_type=\"section\" data-e-type=\"section\">\n\t\t\t\t\t\t<div class=\"elementor-container elementor-column-gap-default\">\n\t\t\t\t\t<div class=\"elementor-column elementor-col-33 elementor-top-column elementor-element elementor-element-f6032e8\" data-id=\"f6032e8\" data-element_type=\"column\" data-e-type=\"column\">\n\t\t\t<div class=\"elementor-widget-wrap elementor-element-populated\">\n\t\t\t\t\t\t<div class=\"elementor-element elementor-element-69271a8 elementor-flip-box--effect-slide elementor-flip-box--direction-up elementor-invisible elementor-widget elementor-widget-flip-box\" data-id=\"69271a8\" data-element_type=\"widget\" data-e-type=\"widget\" data-settings=\"{&quot;_animation&quot;:&quot;fadeIn&quot;}\" data-widget_type=\"flip-box.default\">\n\t\t\t\t<div class=\"elementor-widget-container\">\n\t\t\t\t\t\t\t<div class=\"elementor-flip-box\" tabindex=\"0\">\n\t\t\t<div class=\"elementor-flip-box__layer elementor-flip-box__front\">\n\t\t\t\t<div class=\"elementor-flip-box__layer__overlay\">\n\t\t\t\t\t<div class=\"elementor-flip-box__layer__inner\">\n\t\t\t\t\t\t\t\t\t\t\t\t\t<div class=\"elementor-icon-wrapper elementor-view-default\">\n\t\t\t\t\t\t\t\t<div class=\"elementor-icon\">\n\t\t\t\t\t\t\t\t\t\t\t\t\t\t\t\t\t<\/div>\n\t\t\t\t\t\t\t<\/div>\n\t\t\t\t\t\t\n\t\t\t\t\t\t\t\t\t\t\t\t\t<h3 class=\"elementor-flip-box__layer__title\">\n\t\t\t\t\t\t\t\tRobert Eichenberger<hr style=\"height:1px;border:none;color:#FFF;background-color:#FFF;margin-top:1em\">\t\t\t\t\t\t\t<\/h3>\n\t\t\t\t\t\t\n\t\t\t\t\t\t\t\t\t\t\t\t\t<div class=\"elementor-flip-box__layer__description\">\n\t\t\t\t\t\t\t\t<h6 style=\"margin-top:-10px;color:white\">Chef des services<\/h6>\t\t\t\t\t\t\t<\/div>\n\t\t\t\t\t\t\t\t\t\t\t<\/div>\n\t\t\t\t<\/div>\n\t\t\t<\/div>\n\t\t\t<div class=\"elementor-flip-box__layer elementor-flip-box__back\">\n\t\t\t<div class=\"elementor-flip-box__layer__overlay\">\n\t\t\t\t<div class=\"elementor-flip-box__layer__inner\">\n\t\t\t\t\t\t\t\t\t\t\t<h3 class=\"elementor-flip-box__layer__title\">\n\t\t\t\t\t\t\tRobert Eichenberger<hr style=\"height:1px;border:none;color:#FFF;background-color:#FFF;margin-top:1em\">\t\t\t\t\t\t<\/h3>\n\t\t\t\t\t\n\t\t\t\t\t\t\t\t\t\t\t<div class=\"elementor-flip-box__layer__description\">\n\t\t\t\t\t\t\t<h6 style=\"margin-top:-10px;color:white\">Chef des services<\/h6>\n<p>En tant que responsable des services, de l'assistance et de l'informatique, son objectif est de veiller \u00e0 ce que tous les clients et employ\u00e9s disposent \u00e0 tout moment de syst\u00e8mes informatiques stables, performants, s\u00fbrs et bien \u00e9tablis. Il a pass\u00e9 pr\u00e8s de 10 ans en tant que responsable informatique dans une soci\u00e9t\u00e9 industrielle et technologique et a plusieurs ann\u00e9es d'exp\u00e9rience dans une soci\u00e9t\u00e9 de conseil SAP.<\/p>\n\n<p>Objectifs\/principes : L'action distingue le but du r\u00eave.<\/p>\n\n<p>Saviez-vous que ? Chaque fois que cela est possible, Robert voyage avec sa famille dans un VW B\u00fcssli.<\/p>\n\n\t\t\t\t\t\t<\/div>\n\t\t\t\t\t\n\t\t\t\t\t\t\t\t<\/div>\n\t\t<\/div>\n\t\t<\/div>\n\t\t<\/div>\n\t\t\t\t\t\t<\/div>\n\t\t\t\t<\/div>\n\t\t\t\t\t<\/div>\n\t\t<\/div>\n\t\t\t\t<div class=\"elementor-column elementor-col-33 elementor-top-column elementor-element elementor-element-fbc55a7\" data-id=\"fbc55a7\" data-element_type=\"column\" data-e-type=\"column\">\n\t\t\t<div class=\"elementor-widget-wrap elementor-element-populated\">\n\t\t\t\t\t\t<div class=\"elementor-element elementor-element-388b47c elementor-flip-box--effect-slide elementor-flip-box--direction-up elementor-invisible elementor-widget elementor-widget-flip-box\" data-id=\"388b47c\" data-element_type=\"widget\" data-e-type=\"widget\" data-settings=\"{&quot;_animation&quot;:&quot;fadeIn&quot;}\" data-widget_type=\"flip-box.default\">\n\t\t\t\t<div class=\"elementor-widget-container\">\n\t\t\t\t\t\t\t<div class=\"elementor-flip-box\" tabindex=\"0\">\n\t\t\t<div class=\"elementor-flip-box__layer elementor-flip-box__front\">\n\t\t\t\t<div class=\"elementor-flip-box__layer__overlay\">\n\t\t\t\t\t<div class=\"elementor-flip-box__layer__inner\">\n\t\t\t\t\t\t\t\t\t\t\t\t\t<div class=\"elementor-icon-wrapper elementor-view-default\">\n\t\t\t\t\t\t\t\t<div class=\"elementor-icon\">\n\t\t\t\t\t\t\t\t\t\t\t\t\t\t\t\t\t<\/div>\n\t\t\t\t\t\t\t<\/div>\n\t\t\t\t\t\t\n\t\t\t\t\t\t\t\t\t\t\t\t\t<h3 class=\"elementor-flip-box__layer__title\">\n\t\t\t\t\t\t\t\tSandra Wurzbach<hr style=\"height:1px;border:none;color:#FFF;background-color:#FFF;margin-top:1em\">\t\t\t\t\t\t\t<\/h3>\n\t\t\t\t\t\t\n\t\t\t\t\t\t\t\t\t\t\t\t\t<div class=\"elementor-flip-box__layer__description\">\n\t\t\t\t\t\t\t\t<h6 style=\"margin-top:-10px;color:white\">Chef de l'administration<\/h6>\t\t\t\t\t\t\t<\/div>\n\t\t\t\t\t\t\t\t\t\t\t<\/div>\n\t\t\t\t<\/div>\n\t\t\t<\/div>\n\t\t\t<div class=\"elementor-flip-box__layer elementor-flip-box__back\">\n\t\t\t<div class=\"elementor-flip-box__layer__overlay\">\n\t\t\t\t<div class=\"elementor-flip-box__layer__inner\">\n\t\t\t\t\t\t\t\t\t\t\t<h3 class=\"elementor-flip-box__layer__title\">\n\t\t\t\t\t\t\tSandra Wurzbach<hr style=\"height:1px;border:none;color:#FFF;background-color:#FFF;margin-top:1em\">\t\t\t\t\t\t<\/h3>\n\t\t\t\t\t\n\t\t\t\t\t\t\t\t\t\t\t<div class=\"elementor-flip-box__layer__description\">\n\t\t\t\t\t\t\t<h6 style=\"margin-top:-10px;color:white\">Chef de l'administration<\/h6>\n<p>En tant que responsable de l'administration, de la comptabilit\u00e9 et du personnel, elle assure la base du bon fonctionnement. Elle soutient \u00e9galement la gestion de projet dans la vente et en tant que formatrice. Elle a acquis sa longue exp\u00e9rience dans la gestion de projets au sein d'entreprises nationales et internationales dans les secteurs des services et de l'industrie.\n\n<p>Objectifs\/principes : Les plus grands succ\u00e8s sont obtenus avec une \u00e9quipe solide.<\/p>\n\n<p>Le saviez-vous ? Sandra surprend son \u00e9quipe de temps en temps avec ses talents de p\u00e2tissi\u00e8re.<\/p>\t\t\t\t\t\t<\/div>\n\t\t\t\t\t\n\t\t\t\t\t\t\t\t<\/div>\n\t\t<\/div>\n\t\t<\/div>\n\t\t<\/div>\n\t\t\t\t\t\t<\/div>\n\t\t\t\t<\/div>\n\t\t\t\t\t<\/div>\n\t\t<\/div>\n\t\t\t\t<div class=\"elementor-column elementor-col-33 elementor-top-column elementor-element elementor-element-8823f62\" data-id=\"8823f62\" data-element_type=\"column\" data-e-type=\"column\">\n\t\t\t<div class=\"elementor-widget-wrap elementor-element-populated\">\n\t\t\t\t\t\t<div class=\"elementor-element elementor-element-ba6b7eb elementor-flip-box--effect-slide elementor-flip-box--direction-up elementor-invisible elementor-widget elementor-widget-flip-box\" data-id=\"ba6b7eb\" data-element_type=\"widget\" data-e-type=\"widget\" data-settings=\"{&quot;_animation&quot;:&quot;fadeIn&quot;}\" data-widget_type=\"flip-box.default\">\n\t\t\t\t<div class=\"elementor-widget-container\">\n\t\t\t\t\t\t\t<div class=\"elementor-flip-box\" tabindex=\"0\">\n\t\t\t<div class=\"elementor-flip-box__layer elementor-flip-box__front\">\n\t\t\t\t<div class=\"elementor-flip-box__layer__overlay\">\n\t\t\t\t\t<div class=\"elementor-flip-box__layer__inner\">\n\t\t\t\t\t\t\t\t\t\t\t\t\t<div class=\"elementor-icon-wrapper elementor-view-default\">\n\t\t\t\t\t\t\t\t<div class=\"elementor-icon\">\n\t\t\t\t\t\t\t\t\t\t\t\t\t\t\t\t\t<\/div>\n\t\t\t\t\t\t\t<\/div>\n\t\t\t\t\t\t\n\t\t\t\t\t\t\t\t\t\t\t\t\t<h3 class=\"elementor-flip-box__layer__title\">\n\t\t\t\t\t\t\t\tAlex Kaufmann<hr style=\"height:1px;border:none;color:#FFF;background-color:#FFF;margin-top:1em\">\t\t\t\t\t\t\t<\/h3>\n\t\t\t\t\t\t\n\t\t\t\t\t\t\t\t\t\t\t\t\t<div class=\"elementor-flip-box__layer__description\">\n\t\t\t\t\t\t\t\t<h6 style=\"margin-top:-10px;color:white\">Chef des finances<\/h6>\t\t\t\t\t\t\t<\/div>\n\t\t\t\t\t\t\t\t\t\t\t<\/div>\n\t\t\t\t<\/div>\n\t\t\t<\/div>\n\t\t\t<div class=\"elementor-flip-box__layer elementor-flip-box__back\">\n\t\t\t<div class=\"elementor-flip-box__layer__overlay\">\n\t\t\t\t<div class=\"elementor-flip-box__layer__inner\">\n\t\t\t\t\t\t\t\t\t\t\t<h3 class=\"elementor-flip-box__layer__title\">\n\t\t\t\t\t\t\tAlex Kaufmann<hr style=\"height:1px;border:none;color:#FFF;background-color:#FFF;margin-top:1em\">\t\t\t\t\t\t<\/h3>\n\t\t\t\t\t\n\t\t\t\t\t\t\t\t\t\t\t<div class=\"elementor-flip-box__layer__description\">\n\t\t\t\t\t\t\t<h6 style=\"margin-top:-10px;color:white\">Chef des finances<\/h6>\n<p>Il est responsable du d\u00e9partement Finances &amp; Controlling et assume des t\u00e2ches transversales au sein du portefeuille Volaris. Il dispose d'une longue exp\u00e9rience dans le domaine des finances et du contr\u00f4le de gestion en tant que responsable de BU d'une autre entreprise au sein du groupe Volaris.<\/p>\n\n<p>Objectifs\/principes : Si vous voulez voir l'arc-en-ciel, vous devez supporter la pluie.<\/p>\n\n<p>Le saviez-vous ? Alex a un grand penchant pour le chocolat !<\/p>\t\t\t\t\t\t<\/div>\n\t\t\t\t\t\n\t\t\t\t\t\t\t\t<\/div>\n\t\t<\/div>\n\t\t<\/div>\n\t\t<\/div>\n\t\t\t\t\t\t<\/div>\n\t\t\t\t<\/div>\n\t\t\t\t\t<\/div>\n\t\t<\/div>\n\t\t\t\t\t<\/div>\n\t\t<\/section>\n\t\t\t\t<section class=\"elementor-section elementor-top-section elementor-element elementor-element-6254bc4 elementor-section-boxed elementor-section-height-default elementor-section-height-default\" data-id=\"6254bc4\" data-element_type=\"section\" data-e-type=\"section\">\n\t\t\t\t\t\t<div class=\"elementor-container elementor-column-gap-default\">\n\t\t\t\t\t<div class=\"elementor-column elementor-col-100 elementor-top-column elementor-element elementor-element-4b4dc66\" data-id=\"4b4dc66\" data-element_type=\"column\" data-e-type=\"column\">\n\t\t\t<div class=\"elementor-widget-wrap elementor-element-populated\">\n\t\t\t\t\t\t<div class=\"elementor-element elementor-element-439744d elementor-widget elementor-widget-spacer\" data-id=\"439744d\" data-element_type=\"widget\" data-e-type=\"widget\" data-widget_type=\"spacer.default\">\n\t\t\t\t<div class=\"elementor-widget-container\">\n\t\t\t\t\t\t\t<div class=\"elementor-spacer\">\n\t\t\t<div class=\"elementor-spacer-inner\"><\/div>\n\t\t<\/div>\n\t\t\t\t\t\t<\/div>\n\t\t\t\t<\/div>\n\t\t\t\t\t<\/div>\n\t\t<\/div>\n\t\t\t\t\t<\/div>\n\t\t<\/section>\n\t\t<div class=\"elementor-element elementor-element-8570978 e-ecs-flex e-flex e-con-boxed e-con e-parent\" data-id=\"8570978\" data-element_type=\"container\" data-e-type=\"container\" data-settings=\"{&quot;ecs_container_type&quot;:&quot;flex&quot;}\">\n\t\t\t\t\t<div class=\"e-con-inner\">\n\t\t\t\t\t<\/div>\n\t\t\t\t<\/div>\n\t\t\t\t<\/div>\n\t\t","protected":false},"excerpt":{"rendered":"<p>L\u2019\u00e9quipe de direction de Delta Logic Flavio Weber Directeur g\u00e9n\u00e9ral Flavio Weber Directeur g\u00e9n\u00e9ral Le directeur g\u00e9n\u00e9ral porte la responsabilit\u00e9 pour l&rsquo;ensemble de l&rsquo;entreprise Delta Logic SA. Assurer une orchestration harmonieuse des d\u00e9partements ainsi qu&rsquo;une communication transparente entre collaborateurs internes et clients externes sont au centre de ses pr\u00e9occupations. Gr\u00e2ce \u00e0 sa longue exp\u00e9rience en [&hellip;]<\/p>\n","protected":false},"author":1,"featured_media":0,"parent":1240,"menu_order":0,"comment_status":"closed","ping_status":"closed","template":"elementor_header_footer","meta":{"_acf_changed":false,"inline_featured_image":false,"footnotes":""},"class_list":["post-1870","page","type-page","status-publish","hentry"],"acf":[],"_links":{"self":[{"href":"https:\/\/deltalogic.ch\/fr\/wp-json\/wp\/v2\/pages\/1870","targetHints":{"allow":["GET"]}}],"collection":[{"href":"https:\/\/deltalogic.ch\/fr\/wp-json\/wp\/v2\/pages"}],"about":[{"href":"https:\/\/deltalogic.ch\/fr\/wp-json\/wp\/v2\/types\/page"}],"author":[{"embeddable":true,"href":"https:\/\/deltalogic.ch\/fr\/wp-json\/wp\/v2\/users\/1"}],"replies":[{"embeddable":true,"href":"https:\/\/deltalogic.ch\/fr\/wp-json\/wp\/v2\/comments?post=1870"}],"version-history":[{"count":66,"href":"https:\/\/deltalogic.ch\/fr\/wp-json\/wp\/v2\/pages\/1870\/revisions"}],"predecessor-version":[{"id":4514,"href":"https:\/\/deltalogic.ch\/fr\/wp-json\/wp\/v2\/pages\/1870\/revisions\/4514"}],"up":[{"embeddable":true,"href":"https:\/\/deltalogic.ch\/fr\/wp-json\/wp\/v2\/pages\/1240"}],"wp:attachment":[{"href":"https:\/\/deltalogic.ch\/fr\/wp-json\/wp\/v2\/media?parent=1870"}],"curies":[{"name":"wp","href":"https:\/\/api.w.org\/{rel}","templated":true}]}}